{"id":892,"date":"2025-11-11T07:33:59","date_gmt":"2025-11-11T07:33:59","guid":{"rendered":"https:\/\/travelassisting.com\/global-testimonials-celebrating-satisfied-clients-and-our-quality-services\/"},"modified":"2025-11-11T07:37:22","modified_gmt":"2025-11-11T07:37:22","slug":"globalna-pricevanja-ki-slavijo-zadovoljne-stranke-in-nase-kakovostne-storitve","status":"publish","type":"page","link":"https:\/\/travelassisting.com\/sl\/globalna-pricevanja-ki-slavijo-zadovoljne-stranke-in-nase-kakovostne-storitve\/","title":{"rendered":"Globalna pri\u010devanja: Slavimo zadovoljne stranke in na\u0161e kakovostne storitve"},"content":{"rendered":"<h2>Uvod v na\u0161e storitve<\/h2>\n<p>V dana\u0161njem hitrem in medsebojno povezanem svetu povpra\u0161evanje po u\u010dinkovitih in varnih storitvah, povezanih s potovanji in identifikacijo, \u0161e nikoli ni bilo ve\u010dje. Na\u0161e podjetje je ponosno, da ponuja celovito paleto storitev, zasnovanih za zadovoljevanje raznolikih potreb na\u0161ih strank po vsem svetu. Med razli\u010dnimi storitvami, ki jih nudimo, izstopa izdajanje vizumov, potnih listov, dovoljenj za prebivanje in vozni\u0161kih dovoljenj kot sestavni del, ki omogo\u010da mednarodno mobilnost in prebivanje.<\/p>\n<p>Postopek pridobivanja teh bistvenih dokumentov je pogosto zelo zapleten, zlasti v hitro spreminjajo\u010dem se svetovnem okolju. Na\u0161e hitre in varne spletne storitve odpravljajo veliko teh te\u017eav in strankam omogo\u010dajo enostavno krmarjenje po postopkih prijave. Ne glede na to, ali se odpravljate na poslovno potovanje, i\u0161\u010dete nove prilo\u017enosti v tujini ali preprosto potrebujete identifikacijo za vsakodnevne dejavnosti, so na\u0161e ponudbe prilagojene tako, da poenostavijo izku\u0161njo za vsako stranko.<\/p>\n<p>Vize so klju\u010dne za popotnike, ki \u017eelijo raziskati nove dr\u017eave, saj jim omogo\u010dajo vstop glede na namen obiska. Podobno potni listi slu\u017eijo kot temeljno dokazilo o identiteti in dr\u017eavljanstvu, kar je bistvenega pomena za vsako mednarodno potovanje. Na\u0161a storitev zagotavlja, da lahko stranke te pomembne potovalne dokumente prejmejo pravo\u010dasno, da lahko na\u010drtujejo svoja potovanja brez nepotrebnih zamud.<\/p>\n<p>Poleg vizumov in potnih listov se osredoto\u010damo tudi na dovoljenja za prebivanje za posameznike, ki \u017eelijo vzpostaviti dolgoro\u010dno prisotnost v tuji dr\u017eavi. Ta storitev obravnava pravne zahteve za prebivanje in strankam zagotavlja brezskrbnost pri prehodu v nova okolja. Poleg tega na\u0161a izdaja vozni\u0161kih dovoljenj ustreza tistim, ki potrebujejo uradni dokument za potovanja znotraj dr\u017eave in vsakodnevne dejavnosti.<\/p>\n<p>Medtem ko nenehno rastemo in se prilagajamo spreminjajo\u010dim se potrebam na\u0161ih strank, ostajamo zavezani zagotavljanju visokokakovostnih storitev, ki opolnomo\u010dajo posameznike po vsem svetu. Z na\u0161o zavezanostjo k odli\u010dnosti si prizadevamo izbolj\u0161ati izku\u0161nje na\u0161ih strank in jim zagotoviti potrebna orodja za uspe\u0161no navigacijo v globaliziranem svetu.<\/p>\n<h2>Pri\u010devanja strank z vsega sveta<\/h2>\n<p>Pri\u010devanja strank so mo\u010dan pokazatelj kakovosti storitev, saj ka\u017eejo na zadovoljstvo in zaupanje strank v ponudbo podjetja. Na\u0161a organizacija je sodelovala z raznoliko paleto strank po vsem svetu in vsaka od njih ponuja edinstven vpogled v svoje izku\u0161nje z na\u0161imi storitvami. Spodaj predstavljamo izbor pri\u010devanj zadovoljnih strank, ki osvetljujejo njihova stali\u0161\u010da o na\u0161i zavezanosti hitrosti, varnosti in zanesljivosti.<\/p>\n<p>Od \u017eivahnih londonskih ulic do \u017eivahnih tr\u017enic v Tokiu stranke vedno znova hvalijo na\u0161o sposobnost zagotavljanja hitrih in u\u010dinkovitih storitev. \u0160tevilna pri\u010devanja poudarjajo hitre odzivne \u010dase, ki jih vzdr\u017eujemo, kar podjetjem omogo\u010da nemoteno poslovanje tudi v najzahtevnej\u0161ih okoli\u0161\u010dinah. Ena stranka iz Kanade je pripomnila: \u201cHitrost, s katero so obravnavali na\u0161o nujno zahtevo, je bila impresivna in je znatno izbolj\u0161ala na\u0161o operativno u\u010dinkovitost.\u201d Tak\u0161ne povratne informacije poudarjajo na\u0161o neomajno predanost zagotavljanju hitrega in kompetentnega izpolnjevanja potreb na\u0161ih strank.<\/p>\n<p>Kar zadeva varnost, so stranke iz razli\u010dnih sektorjev pohvalile na\u0161e robustne varnostne ukrepe, ki varujejo njihove ob\u010dutljive podatke. Tehnolo\u0161ko podjetje v Nem\u010diji je izjavilo: \u201cRaven varnosti, ki smo jo izkusili, je bila brez primere, kar nam je dalo zaupanje, da lahko brez strahu upravljamo svoje podatke.\u201d Ta potrditev ka\u017ee na na\u0161o zavezanost k ponujanju ne le zanesljivih, temve\u010d tudi varnih storitev, na katere se stranke lahko zanesejo.<\/p>\n<p>Nenazadnje je zanesljivost na\u0161ih storitev postala ponavljajo\u010da se tema v povratnih informacijah strank. Neprofitna organizacija v Avstraliji je dejala: \u201cNjihovim storitvam smo zaupali vedno znova in nikoli nas niso razo\u010darali.\u201d To mnenje odra\u017ea trajno zaupanje, ki smo si ga zgradili z doslednim zagotavljanjem storitev, kar je klju\u010dni dejavnik za privabljanje in ohranjanje strank v dana\u0161njem konkuren\u010dnem okolju. Ta pri\u010devanja ponazarjajo na\u0161 globalni doseg in zavezanost odli\u010dnosti ter dokazujejo odnose, ki smo jih vzpostavili z na\u0161imi strankami po vsem svetu.<\/p>\n<h2>Pomen zaupanja in varnosti v na\u0161ih storitvah<\/h2>\n<p>Na podro\u010dju spletnih storitev, zlasti tistih, ki so povezane z ob\u010dutljivo dokumentacijo, kot so vizumi in potni listi, je vzpostavitev zaupanja in varnosti najpomembnej\u0161a. Stranke nam zaupajo svoje osebne podatke, na\u0161a odgovornost pa je zagotoviti, da so ti podatki za\u0161\u010diteni za vsako ceno. Izvajamo ukrepe za zagotavljanje robustnih varnostnih protokolov, vklju\u010dno s \u0161ifriranjem podatkov, varno stre\u017eni\u0161ko infrastrukturo in rednimi revizijami za spremljanje in izbolj\u0161anje na\u0161ih varnostnih sistemov. Ta neomajna zavezanost varovanju podatkov strank spodbuja okolje zaupanja, ki na\u0161im strankam omogo\u010da, da se med celotnim postopkom dokumentiranja po\u010dutijo varne.<\/p>\n<p>Zadovoljstvo strank je nelo\u010dljivo povezano z zaznano varnostjo njihovih podatkov. Ko se posamezniki odlo\u010dijo za storitve v zvezi z njihovimi osebnimi podatki, i\u0161\u010dejo zagotovilo, da bodo z njihovimi podatki ravnali z najve\u010djo skrbnostjo in zaupnostjo. Z dajanjem prednosti varnosti pri na\u0161em delovanju ne le obravnavamo legitimne pomisleke na\u0161ih strank, temve\u010d tudi izbolj\u0161ujemo njihovo splo\u0161no izku\u0161njo z na\u0161imi ponudbami. Ko stranke vedo, da se z njihovimi podatki ravna varno, se njihovo zaupanje v na\u0161e storitve pove\u010da, kar posledi\u010dno vodi do ve\u010dje ravni zadovoljstva in pozitivnih povratnih informacij.<\/p>\n<p>Vpliv zaupanja in varnosti na na\u0161 ugled ni mogo\u010de preceniti. Zadovoljne stranke pogosto delijo svoje pozitivne izku\u0161nje s pri\u010devanji, kar krepi na\u0161o verodostojnost na konkuren\u010dnem trgu. Precej\u0161nje \u0161tevilo preteklih strank je potrdilo, kako je na\u0161a pozornost do varnosti podatkov neposredno vplivala na njihovo odlo\u010ditev, da se ponovno odlo\u010dijo za na\u0161e storitve. Njihova pri\u010devanja ne poudarjajo le na\u0161e zavezanosti kakovosti, temve\u010d tudi udobje, ki so ga \u010dutili, saj so vedeli, da so njihovi ob\u010dutljivi podatki v varnih rokah. S spodbujanjem kulture zaupanja in varnosti postavljamo temelje za trajne odnose z na\u0161imi strankami, kar ima za posledico zveste stranke in trden ugled v panogi.<\/p>\n<h2>Zaklju\u010dek in kako za\u010deti<\/h2>\n<p>Skratka, pri\u010devanja na\u0161ih zadovoljnih strank poudarjajo na\u0161o predanost zagotavljanju kakovostnih storitev, ki zadovoljujejo razli\u010dne potrebe. Pozitivne povratne informacije poudarjajo u\u010dinkovitost na\u0161ega pristopa, ki je zasnovan tako, da zagotavlja, da vsaka stranka prejme osebno pozornost in brezhibno izku\u0161njo. Vedno znova prejemamo pohvale za na\u0161o profesionalnost, odzivnost in strokovno znanje, kar je privedlo do dolgoro\u010dnih odnosov z na\u0161imi strankami.<\/p>\n<p>Za tiste, ki razmi\u0161ljajo o sodelovanju z na\u0161imi profesionalnimi storitvami, je postopek preprost in uporabniku prijazen. Razvili smo spletno platformo, ki potencialnim strankam omogo\u010da enostaven dostop do informacij o na\u0161i ponudbi. To vklju\u010duje opise storitev, cene in pogosto zastavljena vpra\u0161anja, ki olaj\u0161ajo sprejemanje premi\u0161ljenih odlo\u010ditev. Z le nekaj kliki lahko posamezniki spro\u017eijo svoja povpra\u0161evanja ali za\u010dnejo postopek prijave, kar jim olaj\u0161a za\u010detek njihove poti z nami.<\/p>\n<p>Razumemo, da so potrebe vsake stranke edinstvene. Zato smo veseli vseh vpra\u0161anj in se z veseljem pogovorimo o tem, kako lahko ustre\u017eemo specifi\u010dnim zahtevam. Stopite v stik z nami prek kontaktnega obrazca na na\u0161i spletni strani ali po telefonu in na\u0161a predana ekipa vam bo z veseljem pomagala. Cenimo odprto komunikacijo in smo zavezani k pravo\u010dasnemu odgovoru na vsa vpra\u0161anja.<\/p>\n<p>Vabimo vas, da razi\u0161\u010dete mo\u017enost, da se pridru\u017eite na\u0161i skupnosti zadovoljnih strank. Ne pozabite, da je va\u0161a pot do kakovostnih storitev in izjemnih rezultatov le nekaj korakov stran. Veselimo se sodelovanja z vami in zagotavljanja, da bodo va\u0161a pri\u010dakovanja prese\u017eena.<\/p>","protected":false},"excerpt":{"rendered":"<p>Introduction to Our Services In today&#8217;s fast-paced and interconnected world, the demand for efficient and secure services related to travel and identification has never been greater. Our company is proud to offer a comprehensive range of services designed to meet the diverse needs of our clients globally. Among the various services we provide, the issuance [&hellip;]<\/p>\n","protected":false},"author":1,"featured_media":0,"parent":0,"menu_order":0,"comment_status":"closed","ping_status":"closed","template":"","meta":{"footnotes":""},"class_list":["post-892","page","type-page","status-publish","hentry"],"yoast_head":"<!-- This site is optimized with the Yoast SEO Premium plugin v26.0 (Yoast SEO v26.9) - https:\/\/yoast.com\/product\/yoast-seo-premium-wordpress\/ -->\n<title>Global Testimonials: Celebrating Satisfied Clients and Our Quality Services<\/title>\n<meta name=\"description\" content=\"Discover our comprehensive range of travel and identification services, including visa and passport issuance, resident permits, and driver licenses. We prioritize efficiency, security, and client satisfaction, ensuring a seamless experience for individuals navigating the complexities of international mobility. With positive client testimonials highlighting our dedication to speed and reliability, our commitment to safeguarding personal data is paramount. Start your journey with us today and experience the highest quality of service tailored to your unique needs.\" \/>\n<meta name=\"robots\" content=\"index, follow, max-snippet:-1, max-image-preview:large, max-video-preview:-1\" \/>\n<link rel=\"canonical\" href=\"https:\/\/travelassisting.com\/sl\/globalna-pricevanja-ki-slavijo-zadovoljne-stranke-in-nase-kakovostne-storitve\/\" \/>\n<meta property=\"og:locale\" content=\"sl_SI\" \/>\n<meta property=\"og:type\" content=\"article\" \/>\n<meta property=\"og:title\" content=\"Global Testimonials: Celebrating Satisfied Clients and Our Quality Services\" \/>\n<meta property=\"og:description\" content=\"Discover our comprehensive range of travel and identification services, including visa and passport issuance, resident permits, and driver licenses. We prioritize efficiency, security, and client satisfaction, ensuring a seamless experience for individuals navigating the complexities of international mobility. With positive client testimonials highlighting our dedication to speed and reliability, our commitment to safeguarding personal data is paramount. Start your journey with us today and experience the highest quality of service tailored to your unique needs.\" \/>\n<meta property=\"og:url\" content=\"https:\/\/travelassisting.com\/sl\/globalna-pricevanja-ki-slavijo-zadovoljne-stranke-in-nase-kakovostne-storitve\/\" \/>\n<meta property=\"og:site_name\" content=\"Travel assisting\" \/>\n<meta property=\"article:modified_time\" content=\"2025-11-11T07:37:22+00:00\" \/>\n<meta name=\"twitter:card\" content=\"summary_large_image\" \/>\n<meta name=\"twitter:label1\" content=\"Est. reading time\" \/>\n\t<meta name=\"twitter:data1\" content=\"6 minut\" \/>\n<script type=\"application\/ld+json\" class=\"yoast-schema-graph\">{\"@context\":\"https:\/\/schema.org\",\"@graph\":[{\"@type\":\"WebPage\",\"@id\":\"https:\/\/travelassisting.com\/global-testimonials-celebrating-satisfied-clients-and-our-quality-services\/\",\"url\":\"https:\/\/travelassisting.com\/global-testimonials-celebrating-satisfied-clients-and-our-quality-services\/\",\"name\":\"Global Testimonials: Celebrating Satisfied Clients and Our Quality Services\",\"isPartOf\":{\"@id\":\"https:\/\/travelassisting.com\/#website\"},\"datePublished\":\"2025-11-11T07:33:59+00:00\",\"dateModified\":\"2025-11-11T07:37:22+00:00\",\"description\":\"Discover our comprehensive range of travel and identification services, including visa and passport issuance, resident permits, and driver licenses. We prioritize efficiency, security, and client satisfaction, ensuring a seamless experience for individuals navigating the complexities of international mobility. With positive client testimonials highlighting our dedication to speed and reliability, our commitment to safeguarding personal data is paramount. Start your journey with us today and experience the highest quality of service tailored to your unique needs.\",\"breadcrumb\":{\"@id\":\"https:\/\/travelassisting.com\/global-testimonials-celebrating-satisfied-clients-and-our-quality-services\/#breadcrumb\"},\"inLanguage\":\"sl-SI\",\"potentialAction\":[{\"@type\":\"ReadAction\",\"target\":[\"https:\/\/travelassisting.com\/global-testimonials-celebrating-satisfied-clients-and-our-quality-services\/\"]}]},{\"@type\":\"BreadcrumbList\",\"@id\":\"https:\/\/travelassisting.com\/global-testimonials-celebrating-satisfied-clients-and-our-quality-services\/#breadcrumb\",\"itemListElement\":[{\"@type\":\"ListItem\",\"position\":1,\"name\":\"Home\",\"item\":\"https:\/\/travelassisting.com\/\"},{\"@type\":\"ListItem\",\"position\":2,\"name\":\"Global Testimonials: Celebrating Satisfied Clients and Our Quality Services\"}]},{\"@type\":\"WebSite\",\"@id\":\"https:\/\/travelassisting.com\/#website\",\"url\":\"https:\/\/travelassisting.com\/\",\"name\":\"Travel assisting\",\"description\":\"\",\"publisher\":{\"@id\":\"https:\/\/travelassisting.com\/#organization\"},\"potentialAction\":[{\"@type\":\"SearchAction\",\"target\":{\"@type\":\"EntryPoint\",\"urlTemplate\":\"https:\/\/travelassisting.com\/?s={search_term_string}\"},\"query-input\":{\"@type\":\"PropertyValueSpecification\",\"valueRequired\":true,\"valueName\":\"search_term_string\"}}],\"inLanguage\":\"sl-SI\"},{\"@type\":\"Organization\",\"@id\":\"https:\/\/travelassisting.com\/#organization\",\"name\":\"Travel assisting\",\"url\":\"https:\/\/travelassisting.com\/\",\"logo\":{\"@type\":\"ImageObject\",\"inLanguage\":\"sl-SI\",\"@id\":\"https:\/\/travelassisting.com\/#\/schema\/logo\/image\/\",\"url\":\"https:\/\/travelassisting.com\/wp-content\/uploads\/2025\/11\/logo.png\",\"contentUrl\":\"https:\/\/travelassisting.com\/wp-content\/uploads\/2025\/11\/logo.png\",\"width\":435,\"height\":161,\"caption\":\"Travel assisting\"},\"image\":{\"@id\":\"https:\/\/travelassisting.com\/#\/schema\/logo\/image\/\"}}]}<\/script>\n<!-- \/ Yoast SEO Premium plugin. -->","yoast_head_json":{"title":"Globalna pri\u010devanja: Slavimo zadovoljne stranke in na\u0161e kakovostne storitve","description":"Odkrijte na\u0161o celovito ponudbo potovalnih in identifikacijskih storitev, vklju\u010dno z izdajo vizumov in potnih listov, dovoljenji za prebivanje in vozni\u0161kimi dovoljenji. Dajemo prednost u\u010dinkovitosti, varnosti in zadovoljstvu strank ter zagotavljamo nemoteno izku\u0161njo za posameznike, ki se znajdejo v zapletenem mednarodnem prometu. Pozitivne pri\u010devanja strank poudarjajo na\u0161o predanost hitrosti in zanesljivosti, zato je na\u0161a zavezanost varovanju osebnih podatkov najpomembnej\u0161a. Za\u010dnite svojo pot z nami \u0161e danes in izkusite najvi\u0161jo kakovost storitev, prilagojenih va\u0161im edinstvenim potrebam.","robots":{"index":"index","follow":"follow","max-snippet":"max-snippet:-1","max-image-preview":"max-image-preview:large","max-video-preview":"max-video-preview:-1"},"canonical":"https:\/\/travelassisting.com\/sl\/globalna-pricevanja-ki-slavijo-zadovoljne-stranke-in-nase-kakovostne-storitve\/","og_locale":"sl_SI","og_type":"article","og_title":"Global Testimonials: Celebrating Satisfied Clients and Our Quality Services","og_description":"Discover our comprehensive range of travel and identification services, including visa and passport issuance, resident permits, and driver licenses. We prioritize efficiency, security, and client satisfaction, ensuring a seamless experience for individuals navigating the complexities of international mobility. With positive client testimonials highlighting our dedication to speed and reliability, our commitment to safeguarding personal data is paramount. Start your journey with us today and experience the highest quality of service tailored to your unique needs.","og_url":"https:\/\/travelassisting.com\/sl\/globalna-pricevanja-ki-slavijo-zadovoljne-stranke-in-nase-kakovostne-storitve\/","og_site_name":"Travel assisting","article_modified_time":"2025-11-11T07:37:22+00:00","twitter_card":"summary_large_image","twitter_misc":{"Est. reading time":"6 minut"},"schema":{"@context":"https:\/\/schema.org","@graph":[{"@type":"WebPage","@id":"https:\/\/travelassisting.com\/global-testimonials-celebrating-satisfied-clients-and-our-quality-services\/","url":"https:\/\/travelassisting.com\/global-testimonials-celebrating-satisfied-clients-and-our-quality-services\/","name":"Globalna pri\u010devanja: Slavimo zadovoljne stranke in na\u0161e kakovostne storitve","isPartOf":{"@id":"https:\/\/travelassisting.com\/#website"},"datePublished":"2025-11-11T07:33:59+00:00","dateModified":"2025-11-11T07:37:22+00:00","description":"Odkrijte na\u0161o celovito ponudbo potovalnih in identifikacijskih storitev, vklju\u010dno z izdajo vizumov in potnih listov, dovoljenji za prebivanje in vozni\u0161kimi dovoljenji. Dajemo prednost u\u010dinkovitosti, varnosti in zadovoljstvu strank ter zagotavljamo nemoteno izku\u0161njo za posameznike, ki se znajdejo v zapletenem mednarodnem prometu. Pozitivne pri\u010devanja strank poudarjajo na\u0161o predanost hitrosti in zanesljivosti, zato je na\u0161a zavezanost varovanju osebnih podatkov najpomembnej\u0161a. Za\u010dnite svojo pot z nami \u0161e danes in izkusite najvi\u0161jo kakovost storitev, prilagojenih va\u0161im edinstvenim potrebam.","breadcrumb":{"@id":"https:\/\/travelassisting.com\/global-testimonials-celebrating-satisfied-clients-and-our-quality-services\/#breadcrumb"},"inLanguage":"sl-SI","potentialAction":[{"@type":"ReadAction","target":["https:\/\/travelassisting.com\/global-testimonials-celebrating-satisfied-clients-and-our-quality-services\/"]}]},{"@type":"BreadcrumbList","@id":"https:\/\/travelassisting.com\/global-testimonials-celebrating-satisfied-clients-and-our-quality-services\/#breadcrumb","itemListElement":[{"@type":"ListItem","position":1,"name":"Home","item":"https:\/\/travelassisting.com\/"},{"@type":"ListItem","position":2,"name":"Global Testimonials: Celebrating Satisfied Clients and Our Quality Services"}]},{"@type":"WebSite","@id":"https:\/\/travelassisting.com\/#website","url":"https:\/\/travelassisting.com\/","name":"Pomo\u010d pri potovanjih","description":"","publisher":{"@id":"https:\/\/travelassisting.com\/#organization"},"potentialAction":[{"@type":"SearchAction","target":{"@type":"EntryPoint","urlTemplate":"https:\/\/travelassisting.com\/?s={search_term_string}"},"query-input":{"@type":"PropertyValueSpecification","valueRequired":true,"valueName":"search_term_string"}}],"inLanguage":"sl-SI"},{"@type":"Organization","@id":"https:\/\/travelassisting.com\/#organization","name":"Pomo\u010d pri potovanjih","url":"https:\/\/travelassisting.com\/","logo":{"@type":"ImageObject","inLanguage":"sl-SI","@id":"https:\/\/travelassisting.com\/#\/schema\/logo\/image\/","url":"https:\/\/travelassisting.com\/wp-content\/uploads\/2025\/11\/logo.png","contentUrl":"https:\/\/travelassisting.com\/wp-content\/uploads\/2025\/11\/logo.png","width":435,"height":161,"caption":"Travel assisting"},"image":{"@id":"https:\/\/travelassisting.com\/#\/schema\/logo\/image\/"}}]}},"_links":{"self":[{"href":"https:\/\/travelassisting.com\/sl\/wp-json\/wp\/v2\/pages\/892","targetHints":{"allow":["GET"]}}],"collection":[{"href":"https:\/\/travelassisting.com\/sl\/wp-json\/wp\/v2\/pages"}],"about":[{"href":"https:\/\/travelassisting.com\/sl\/wp-json\/wp\/v2\/types\/page"}],"author":[{"embeddable":true,"href":"https:\/\/travelassisting.com\/sl\/wp-json\/wp\/v2\/users\/1"}],"replies":[{"embeddable":true,"href":"https:\/\/travelassisting.com\/sl\/wp-json\/wp\/v2\/comments?post=892"}],"version-history":[{"count":1,"href":"https:\/\/travelassisting.com\/sl\/wp-json\/wp\/v2\/pages\/892\/revisions"}],"predecessor-version":[{"id":893,"href":"https:\/\/travelassisting.com\/sl\/wp-json\/wp\/v2\/pages\/892\/revisions\/893"}],"wp:attachment":[{"href":"https:\/\/travelassisting.com\/sl\/wp-json\/wp\/v2\/media?parent=892"}],"curies":[{"name":"delovni list","href":"https:\/\/api.w.org\/{rel}","templated":true}]}}