{"id":892,"date":"2025-11-11T07:33:59","date_gmt":"2025-11-11T07:33:59","guid":{"rendered":"https:\/\/travelassisting.com\/global-testimonials-celebrating-satisfied-clients-and-our-quality-services\/"},"modified":"2025-11-11T07:37:22","modified_gmt":"2025-11-11T07:37:22","slug":"testimonjanzi-globali-li-jiccelebraw-klijenti-sodisfatti-u-s-servizzi-ta-kwalita-taghna","status":"publish","type":"page","link":"https:\/\/travelassisting.com\/mt\/testimonjanzi-globali-li-jiccelebraw-klijenti-sodisfatti-u-s-servizzi-ta-kwalita-taghna\/","title":{"rendered":"Testimonjanzi Globali: Ni\u010b\u010belebraw Klijenti Sodisfatti u s-Servizzi ta&#039; Kwalit\u00e0 Tag\u0127na"},"content":{"rendered":"<h2>Introduzzjoni g\u0127as-Servizzi Tag\u0127na<\/h2>\n<p>Fid-dinja mg\u0127a\u0121\u0121la u interkonnessa tal-lum, id-domanda g\u0127al servizzi effi\u010bjenti u siguri relatati mal-ivvja\u0121\u0121ar u l-identifikazzjoni qatt ma kienet akbar. Il-kumpanija tag\u0127na hija kburija li toffri firxa komprensiva ta\u2019 servizzi mfassla biex jissodisfaw il-b\u017connijiet diversi tal-klijenti tag\u0127na globalment. Fost id-diversi servizzi li nipprovdu, il-\u0127ru\u0121 ta\u2019 vi\u017ci, passaporti, permessi ta\u2019 residenza, u li\u010benzji tas-sewqan jispikka b\u0127ala komponenti integrali li jiffa\u010bilitaw il-mobilit\u00e0 u r-residenza internazzjonali.<\/p>\n<p>Il-pro\u010bess biex jinkisbu dawn id-dokumenti essenzjali spiss jista\u2019 jkun mg\u0127obbi b\u2019kumplessit\u00e0, spe\u010bjalment f\u2019xenarju globali li qed jinbidel malajr. Is-servizzi online velo\u010bi u siguri tag\u0127na jeliminaw \u0127afna minn dan il-battikata, u jippermettu lill-klijenti jinnavigaw il-pro\u010bessi tal-applikazzjoni bil-fa\u010bilit\u00e0. Kemm jekk qed jibdew vja\u0121\u0121 ta\u2019 negozju, qed ifittxu opportunitajiet \u0121odda barra minn Malta, jew sempli\u010bement je\u0127tie\u0121u identifikazzjoni g\u0127al attivitajiet ta\u2019 kuljum, l-offerti tag\u0127na huma mfassla biex jissimplifikaw l-esperjenza g\u0127al kull klijent.<\/p>\n<p>Il-vi\u017ci huma kru\u010bjali g\u0127al vja\u0121\u0121aturi li jixtiequ jesploraw pajji\u017ci \u0121odda, billi jippermettulhom jid\u0127lu skont l-iskop ta\u017c-\u017cjara tag\u0127hom. Bl-istess mod, il-passaporti jservu b\u0127ala l-prova fundamentali tal-identit\u00e0 u \u010b-\u010bittadinanza, essenzjali g\u0127al kwalunkwe vja\u0121\u0121 internazzjonali. Is-servizz tag\u0127na jiggarantixxi li l-klijenti jistg\u0127u jir\u010bievu dawn id-dokumenti vitali tal-ivvja\u0121\u0121ar fil-pront biex jippjanaw il-vja\u0121\u0121i tag\u0127hom ming\u0127ajr dewmien \u017cejjed.<\/p>\n<p>Minbarra l-vi\u017ci u l-passaporti, niffokaw ukoll fuq permessi ta\u2019 residenza g\u0127al individwi li qed ifittxu li jistabbilixxu pre\u017cenza fit-tul f\u2019pajji\u017c barrani. Dan is-servizz jindirizza l-\u0127ti\u0121ijiet legali g\u0127ar-residenza, u jipprovdi ser\u0127an il-mo\u0127\u0127 lill-klijenti hekk kif jag\u0127mlu tran\u017cizzjoni g\u0127al ambjenti \u0121odda. Barra minn hekk, il-\u0127ru\u0121 tag\u0127na ta\u2019 li\u010benzji tas-sewqan ja\u0127seb g\u0127al dawk li je\u0127tie\u0121u identifikazzjoni uffi\u010bjali g\u0127al vja\u0121\u0121ar domestiku u attivitajiet ta\u2019 kuljum.<\/p>\n<p>Hekk kif inkomplu nikbru u nadattaw g\u0127all-b\u017connijiet dejjem jevolvu tal-klijenti tag\u0127na, nibqg\u0127u impenjati li nwasslu servizzi ta\u2019 kwalit\u00e0 g\u0127olja li jag\u0127tu s-setg\u0127a lill-individwi madwar id-dinja. Permezz tal-impenn tag\u0127na g\u0127all-e\u010b\u010bellenza, na\u0127dmu biex intejbu l-esperjenzi tal-klijenti tag\u0127na u ni\u017cguraw li jkollhom l-g\u0127odod me\u0127tie\u0121a g\u0127al navigazzjoni b\u2019su\u010b\u010bess f\u2019dinja globalizzata.<\/p>\n<h2>Testimonjanzi tal-Klijenti minn Madwar id-Dinja<\/h2>\n<p>It-testimonjanzi tal-klijenti jservu b\u0127ala indikaturi qawwija tal-kwalit\u00e0 tas-servizz, u juru s-sodisfazzjon u l-fidu\u010bja li l-klijenti g\u0127andhom fl-offerti ta\u2019 kumpanija. L-organizzazzjoni tag\u0127na kkollaborat ma\u2019 firxa diversa ta\u2019 klijenti madwar id-dinja, u kull wie\u0127ed minnhom jipprovdi g\u0127arfien uniku dwar l-esperjenzi tag\u0127hom mas-servizzi tag\u0127na. Hawn ta\u0127t, nippre\u017centaw g\u0127a\u017cla ta\u2019 testimonjanzi minn klijenti sodisfatti, li juru l-perspettivi tag\u0127hom dwar l-impenn tag\u0127na g\u0127all-velo\u010bit\u00e0, is-sigurt\u00e0 u l-affidabbilt\u00e0.<\/p>\n<p>Mit-toroq iffullati ta\u201c Londra sas-swieq vibranti ta\u201d Tokyo, il-klijenti fa\u0127\u0127ru b\u2019mod konsistenti l-abbilt\u00e0 tag\u0127na li nwasslu servizzi fil-pront u effi\u010bjenti. \u0126afna testimonjanzi jenfasizzaw il-\u0127inijiet ta\u2019 rispons rapidi li n\u017commu, li jippermettu lin-negozji joperaw bla xkiel anke fl-aktar \u010birkostanzi diffi\u010bli. Klijent wie\u0127ed mill-Kanada nnota, \u201cIl-velo\u010bit\u00e0 li biha ttrattaw it-talba ur\u0121enti tag\u0127na kienet impressjonanti, u tejbet b\u2019mod sinifikanti l-effi\u010bjenza operattiva tag\u0127na.\u201d Tali feedback jenfasizza d-dedikazzjoni soda tag\u0127na biex ni\u017cguraw li l-\u0127ti\u0121ijiet tal-klijenti tag\u0127na ji\u0121u ssodisfati malajr u b\u2019mod kompetenti.<\/p>\n<p>F\u2019termini ta\u201c sigurt\u00e0, klijenti minn diversi setturi fa\u0127\u0127ru l-mi\u017curi robusti ta\u201d sigurt\u00e0 tag\u0127na li jipprote\u0121u l-informazzjoni sensittiva tag\u0127hom. Ditta tat-teknolo\u0121ija fil-\u0120ermanja ddikjarat, \u201cIl-livell ta\u2019 sigurt\u00e0 li esperjenzajna kien bla paragun, u tana l-kunfidenza li nimmani\u0121\u0121jaw id-dejta tag\u0127na ming\u0127ajr bi\u017ca\u2019.\u201d Din l-affermazzjoni turi l-impenn tag\u0127na li noffru mhux biss servizzi affidabbli i\u017cda wkoll siguri li l-klijenti jistg\u0127u jiddependu fuqhom.<\/p>\n<p>Fl-a\u0127\u0127ar nett, l-affidabbilt\u00e0 tas-servizzi tag\u0127na saret tema rikorrenti fost il-feedback tal-klijenti. Organizzazzjoni ming\u0127ajr skop ta&#039; qlig\u0127 fl-Awstralja qasmet, &quot;A\u0127na fdajna fis-servizzi tag\u0127hom darba wara l-o\u0127ra, u qatt ma ddi\u017cappuntawna.&quot; Dan is-sentiment jirrifletti l-fidu\u010bja dejjiema li bnejna permezz ta&#039; twassil konsistenti tas-servizz, fattur kru\u010bjali biex nattiraw u n\u017commu l-klijenti fix-xenarju kompetittiv tal-lum. Dawn it-testimonjanzi juru l-firxa globali tag\u0127na u l-impenn tag\u0127na g\u0127all-e\u010b\u010bellenza, u jservu b\u0127ala xhieda tar-relazzjonijiet li \u0127loqna mal-klijenti tag\u0127na madwar id-dinja.<\/p>\n<h2>L-Importanza tal-Fidu\u010bja u s-Sigurt\u00e0 fis-Servizzi Tag\u0127na<\/h2>\n<p>Fil-qasam tas-servizzi online, partikolarment dawk relatati ma\u2019 dokumentazzjoni sensittiva b\u0127al vi\u017ci u passaporti, l-istabbiliment ta\u2019 fidu\u010bja u sigurt\u00e0 huwa ta\u2019 importanza kbira. Il-klijenti jafdawna bid-dejta personali tag\u0127hom, u r-responsabbilt\u00e0 tag\u0127na hija li ni\u017cguraw li din l-informazzjoni tkun protetta akkost ta\u2019 kollox. Ji\u0121u implimentati mi\u017curi biex jiggarantixxu protokolli ta\u2019 sigurt\u00e0 robusti, inklu\u017c encryption tad-dejta, infrastruttura ta\u2019 server sigura, u verifiki regolari biex ji\u0121u mmonitorjati u mtejba s-sistemi ta\u2019 sigurt\u00e0 tag\u0127na. Dan l-impenn sod g\u0127as-salvagwardja tad-dejta tal-klijenti jrawwem ambjent ta\u2019 fidu\u010bja, li jippermetti lill-klijenti tag\u0127na j\u0127ossuhom siguri matul il-pro\u010bess ta\u2019 dokumentazzjoni.<\/p>\n<p>Is-sodisfazzjon tal-klijent huwa intrinsikament marbut mas-sigurt\u00e0 per\u010bepita tad-dejta tag\u0127hom. Meta individwi jag\u0127\u017clu li jinvolvu ru\u0127hom ma&#039; servizzi li jikkon\u010bernaw l-informazzjoni personali tag\u0127hom, huma jfittxu li jkunu \u010berti li d-dettalji tag\u0127hom se ji\u0121u ttrattati bl-akbar attenzjoni u kunfidenzjalit\u00e0. Billi nipprijoritizzaw is-sigurt\u00e0 fl-operazzjonijiet tag\u0127na, mhux biss nindirizzaw it-t\u0127assib le\u0121ittimu tal-klijenti tag\u0127na i\u017cda ntejbu wkoll l-esperjenza \u0121enerali tag\u0127hom bl-offerti tag\u0127na. Meta l-klijenti jkunu jafu li d-dejta tag\u0127hom qed ti\u0121i ttrattata b&#039;mod sigur, il-fidu\u010bja tag\u0127hom fis-servizzi tag\u0127na ti\u017cdied, li sussegwentement iwassal g\u0127al livelli og\u0127la ta&#039; sodisfazzjon u feedback po\u017cittiv.<\/p>\n<p>L-impatt tal-fidu\u010bja u s-sigurt\u00e0 fuq ir-reputazzjoni tag\u0127na ma jistax ji\u0121i esa\u0121erat. Klijenti sodisfatti spiss jaqsmu l-esperjenzi po\u017cittivi tag\u0127hom permezz ta\u2019 testimonjanzi, u b\u2019hekk isa\u0127\u0127u l-kredibbilt\u00e0 tag\u0127na fis-suq kompetittiv. Numru sinifikanti ta\u2019 klijenti tal-passat taw xhieda ta\u2019 kif l-attenzjoni tag\u0127na g\u0127as-sigurt\u00e0 tad-dejta influwenzat direttament id-de\u010bi\u017cjoni tag\u0127hom li jer\u0121g\u0127u lura g\u0127as-servizzi tag\u0127na. It-testimonjanzi tag\u0127hom jenfasizzaw mhux biss l-impenn tag\u0127na g\u0127all-kwalit\u00e0 i\u017cda wkoll il-kumdit\u00e0 li \u0127assew li kienu jafu li l-informazzjoni sensittiva tag\u0127hom kienet f\u2019idejn tajbin. Billi nippromwovu kultura ta\u2019 fidu\u010bja u sigurt\u00e0, inpo\u0121\u0121u l-pedament g\u0127al relazzjonijiet dejjiema mal-klijenti tag\u0127na, li jirri\u017cultaw f\u2019klijenti leali u reputazzjoni soda fl-industrija.<\/p>\n<h2>Konklu\u017cjoni u Kif Tibda<\/h2>\n<p>B\u0127ala konklu\u017cjoni, it-testimonjanzi pprovduti mill-klijenti sodisfatti tag\u0127na jenfasizzaw id-dedikazzjoni li npo\u0121\u0121u biex nipprovdu servizzi ta\u2019 kwalit\u00e0 li jissodisfaw b\u017connijiet diversi. Ir-rispons po\u017cittiv jenfasizza l-effettivit\u00e0 tal-appro\u010b\u010b tag\u0127na, li huwa mfassal biex ji\u017cgura li kull klijent jir\u010bievi attenzjoni personalizzata u esperjenza bla xkiel. Ir\u010bevejna b\u2019mod konsistenti tif\u0127ir g\u0127all-professjonali\u017cmu, ir-rispons u l-kompetenza tag\u0127na, li wasslu g\u0127al relazzjonijiet fit-tul mal-klijenti tag\u0127na.<\/p>\n<p>G\u0127al dawk li qed jikkunsidraw li jinvolvu ru\u0127hom mas-servizzi professjonali tag\u0127na, il-pro\u010bess tal-bidu huwa sempli\u010bi u fa\u010bli biex jintu\u017ca. \u017bviluppajna pjattaforma online li tippermetti lill-klijenti potenzjali ja\u010b\u010bessaw fa\u010bilment informazzjoni dwar l-offerti tag\u0127na. Dan jinkludi deskrizzjonijiet tas-servizzi, prezzijiet, u mistoqsijiet frekwenti biex jiffa\u010bilitaw it-te\u0127id ta\u2019 de\u010bi\u017cjonijiet infurmati. Bi ftit klikks biss, l-individwi jistg\u0127u jibdew l-inkjesti tag\u0127hom jew jibdew il-pro\u010bess tal-applikazzjoni, u b\u2019hekk ikun konvenjenti li jibdew il-vja\u0121\u0121 tag\u0127hom mag\u0127na.<\/p>\n<p>Nifhmu li l-b\u017connijiet ta&#039; kull klijent huma uni\u010bi. G\u0127alhekk, nilqg\u0127u kwalunkwe mistoqsija u ninsabu \u0127erqana li niddiskutu kif nistg\u0127u nil\u0127qu rekwi\u017citi spe\u010bifi\u010bi. Ikkuntattjana permezz tal-formola ta&#039; kuntatt tal-websajt tag\u0127na jew bit-telefon, u t-tim dedikat tag\u0127na jkun lest biex jg\u0127inek. A\u0127na napprezzaw komunikazzjoni miftu\u0127a u impenjati li nipprovdu twe\u0121ibiet f&#039;waqthom g\u0127al kwalunkwe mistoqsija.<\/p>\n<p>Nistednuk tesplora l-possibbilt\u00e0 li ting\u0127aqad mal-komunit\u00e0 tag\u0127na ta&#039; klijenti sodisfatti. Ftakar, il-vja\u0121\u0121 tieg\u0127ek lejn servizzi ta&#039; kwalit\u00e0 u ri\u017cultati e\u010b\u010bezzjonali huwa biss ftit passi &#039;l bog\u0127od. Nistennew bil-\u0127erqa li nikkollaboraw mieg\u0127ek u ni\u017cguraw li l-aspettattivi tieg\u0127ek jinqab\u017cu.<\/p>","protected":false},"excerpt":{"rendered":"<p>Introduction to Our Services In today&#8217;s fast-paced and interconnected world, the demand for efficient and secure services related to travel and identification has never been greater. Our company is proud to offer a comprehensive range of services designed to meet the diverse needs of our clients globally. Among the various services we provide, the issuance [&hellip;]<\/p>\n","protected":false},"author":1,"featured_media":0,"parent":0,"menu_order":0,"comment_status":"closed","ping_status":"closed","template":"","meta":{"footnotes":""},"class_list":["post-892","page","type-page","status-publish","hentry"],"yoast_head":"<!-- This site is optimized with the Yoast SEO Premium plugin v26.0 (Yoast SEO v26.9) - https:\/\/yoast.com\/product\/yoast-seo-premium-wordpress\/ -->\n<title>Global Testimonials: Celebrating Satisfied Clients and Our Quality Services<\/title>\n<meta name=\"description\" content=\"Discover our comprehensive range of travel and identification services, including visa and passport issuance, resident permits, and driver licenses. We prioritize efficiency, security, and client satisfaction, ensuring a seamless experience for individuals navigating the complexities of international mobility. With positive client testimonials highlighting our dedication to speed and reliability, our commitment to safeguarding personal data is paramount. Start your journey with us today and experience the highest quality of service tailored to your unique needs.\" \/>\n<meta name=\"robots\" content=\"index, follow, max-snippet:-1, max-image-preview:large, max-video-preview:-1\" \/>\n<link rel=\"canonical\" href=\"https:\/\/travelassisting.com\/mt\/testimonjanzi-globali-li-jiccelebraw-klijenti-sodisfatti-u-s-servizzi-ta-kwalita-taghna\/\" \/>\n<meta property=\"og:locale\" content=\"mt_MT\" \/>\n<meta property=\"og:type\" content=\"article\" \/>\n<meta property=\"og:title\" content=\"Global Testimonials: Celebrating Satisfied Clients and Our Quality Services\" \/>\n<meta property=\"og:description\" content=\"Discover our comprehensive range of travel and identification services, including visa and passport issuance, resident permits, and driver licenses. We prioritize efficiency, security, and client satisfaction, ensuring a seamless experience for individuals navigating the complexities of international mobility. With positive client testimonials highlighting our dedication to speed and reliability, our commitment to safeguarding personal data is paramount. Start your journey with us today and experience the highest quality of service tailored to your unique needs.\" \/>\n<meta property=\"og:url\" content=\"https:\/\/travelassisting.com\/mt\/testimonjanzi-globali-li-jiccelebraw-klijenti-sodisfatti-u-s-servizzi-ta-kwalita-taghna\/\" \/>\n<meta property=\"og:site_name\" content=\"Travel assisting\" \/>\n<meta property=\"article:modified_time\" content=\"2025-11-11T07:37:22+00:00\" \/>\n<meta name=\"twitter:card\" content=\"summary_large_image\" \/>\n<meta name=\"twitter:label1\" content=\"Est. reading time\" \/>\n\t<meta name=\"twitter:data1\" content=\"6 minutes\" \/>\n<script type=\"application\/ld+json\" class=\"yoast-schema-graph\">{\"@context\":\"https:\/\/schema.org\",\"@graph\":[{\"@type\":\"WebPage\",\"@id\":\"https:\/\/travelassisting.com\/global-testimonials-celebrating-satisfied-clients-and-our-quality-services\/\",\"url\":\"https:\/\/travelassisting.com\/global-testimonials-celebrating-satisfied-clients-and-our-quality-services\/\",\"name\":\"Global Testimonials: Celebrating Satisfied Clients and Our Quality Services\",\"isPartOf\":{\"@id\":\"https:\/\/travelassisting.com\/#website\"},\"datePublished\":\"2025-11-11T07:33:59+00:00\",\"dateModified\":\"2025-11-11T07:37:22+00:00\",\"description\":\"Discover our comprehensive range of travel and identification services, including visa and passport issuance, resident permits, and driver licenses. We prioritize efficiency, security, and client satisfaction, ensuring a seamless experience for individuals navigating the complexities of international mobility. With positive client testimonials highlighting our dedication to speed and reliability, our commitment to safeguarding personal data is paramount. Start your journey with us today and experience the highest quality of service tailored to your unique needs.\",\"breadcrumb\":{\"@id\":\"https:\/\/travelassisting.com\/global-testimonials-celebrating-satisfied-clients-and-our-quality-services\/#breadcrumb\"},\"inLanguage\":\"mt\",\"potentialAction\":[{\"@type\":\"ReadAction\",\"target\":[\"https:\/\/travelassisting.com\/global-testimonials-celebrating-satisfied-clients-and-our-quality-services\/\"]}]},{\"@type\":\"BreadcrumbList\",\"@id\":\"https:\/\/travelassisting.com\/global-testimonials-celebrating-satisfied-clients-and-our-quality-services\/#breadcrumb\",\"itemListElement\":[{\"@type\":\"ListItem\",\"position\":1,\"name\":\"Home\",\"item\":\"https:\/\/travelassisting.com\/\"},{\"@type\":\"ListItem\",\"position\":2,\"name\":\"Global Testimonials: Celebrating Satisfied Clients and Our Quality Services\"}]},{\"@type\":\"WebSite\",\"@id\":\"https:\/\/travelassisting.com\/#website\",\"url\":\"https:\/\/travelassisting.com\/\",\"name\":\"Travel assisting\",\"description\":\"\",\"publisher\":{\"@id\":\"https:\/\/travelassisting.com\/#organization\"},\"potentialAction\":[{\"@type\":\"SearchAction\",\"target\":{\"@type\":\"EntryPoint\",\"urlTemplate\":\"https:\/\/travelassisting.com\/?s={search_term_string}\"},\"query-input\":{\"@type\":\"PropertyValueSpecification\",\"valueRequired\":true,\"valueName\":\"search_term_string\"}}],\"inLanguage\":\"mt\"},{\"@type\":\"Organization\",\"@id\":\"https:\/\/travelassisting.com\/#organization\",\"name\":\"Travel assisting\",\"url\":\"https:\/\/travelassisting.com\/\",\"logo\":{\"@type\":\"ImageObject\",\"inLanguage\":\"mt\",\"@id\":\"https:\/\/travelassisting.com\/#\/schema\/logo\/image\/\",\"url\":\"https:\/\/travelassisting.com\/wp-content\/uploads\/2025\/11\/logo.png\",\"contentUrl\":\"https:\/\/travelassisting.com\/wp-content\/uploads\/2025\/11\/logo.png\",\"width\":435,\"height\":161,\"caption\":\"Travel assisting\"},\"image\":{\"@id\":\"https:\/\/travelassisting.com\/#\/schema\/logo\/image\/\"}}]}<\/script>\n<!-- \/ Yoast SEO Premium plugin. -->","yoast_head_json":{"title":"Testimonjanzi Globali: Ni\u010b\u010belebraw Klijenti Sodisfatti u s-Servizzi ta&#039; Kwalit\u00e0 Tag\u0127na","description":"Skopri l-firxa komprensiva tag\u0127na ta\u2019 servizzi tal-ivvja\u0121\u0121ar u tal-identifikazzjoni, inklu\u017c il-\u0127ru\u0121 ta\u2019 vi\u017ci u passaporti, permessi ta\u2019 residenza, u li\u010benzji tas-sewqan. A\u0127na nipprijoritizzaw l-effi\u010bjenza, is-sigurt\u00e0, u s-sodisfazzjon tal-klijent, u ni\u017cguraw esperjenza bla xkiel g\u0127all-individwi li jinnavigaw il-kumplessitajiet tal-mobilit\u00e0 internazzjonali. B\u2019testimonjanzi po\u017cittivi tal-klijenti li jenfasizzaw id-dedikazzjoni tag\u0127na g\u0127all-velo\u010bit\u00e0 u l-affidabbilt\u00e0, l-impenn tag\u0127na g\u0127as-salvagwardja tad-dejta personali huwa ta\u2019 importanza kbira. Ibda l-vja\u0121\u0121 tieg\u0127ek mag\u0127na llum u esperjenza l-og\u0127la kwalit\u00e0 ta\u2019 servizz imfassal apposta g\u0127all-b\u017connijiet uni\u010bi tieg\u0127ek.","robots":{"index":"index","follow":"follow","max-snippet":"max-snippet:-1","max-image-preview":"max-image-preview:large","max-video-preview":"max-video-preview:-1"},"canonical":"https:\/\/travelassisting.com\/mt\/testimonjanzi-globali-li-jiccelebraw-klijenti-sodisfatti-u-s-servizzi-ta-kwalita-taghna\/","og_locale":"mt_MT","og_type":"article","og_title":"Global Testimonials: Celebrating Satisfied Clients and Our Quality Services","og_description":"Discover our comprehensive range of travel and identification services, including visa and passport issuance, resident permits, and driver licenses. We prioritize efficiency, security, and client satisfaction, ensuring a seamless experience for individuals navigating the complexities of international mobility. With positive client testimonials highlighting our dedication to speed and reliability, our commitment to safeguarding personal data is paramount. Start your journey with us today and experience the highest quality of service tailored to your unique needs.","og_url":"https:\/\/travelassisting.com\/mt\/testimonjanzi-globali-li-jiccelebraw-klijenti-sodisfatti-u-s-servizzi-ta-kwalita-taghna\/","og_site_name":"Travel assisting","article_modified_time":"2025-11-11T07:37:22+00:00","twitter_card":"summary_large_image","twitter_misc":{"Est. reading time":"6 minutes"},"schema":{"@context":"https:\/\/schema.org","@graph":[{"@type":"WebPage","@id":"https:\/\/travelassisting.com\/global-testimonials-celebrating-satisfied-clients-and-our-quality-services\/","url":"https:\/\/travelassisting.com\/global-testimonials-celebrating-satisfied-clients-and-our-quality-services\/","name":"Testimonjanzi Globali: Ni\u010b\u010belebraw Klijenti Sodisfatti u s-Servizzi ta&#039; Kwalit\u00e0 Tag\u0127na","isPartOf":{"@id":"https:\/\/travelassisting.com\/#website"},"datePublished":"2025-11-11T07:33:59+00:00","dateModified":"2025-11-11T07:37:22+00:00","description":"Skopri l-firxa komprensiva tag\u0127na ta\u2019 servizzi tal-ivvja\u0121\u0121ar u tal-identifikazzjoni, inklu\u017c il-\u0127ru\u0121 ta\u2019 vi\u017ci u passaporti, permessi ta\u2019 residenza, u li\u010benzji tas-sewqan. A\u0127na nipprijoritizzaw l-effi\u010bjenza, is-sigurt\u00e0, u s-sodisfazzjon tal-klijent, u ni\u017cguraw esperjenza bla xkiel g\u0127all-individwi li jinnavigaw il-kumplessitajiet tal-mobilit\u00e0 internazzjonali. B\u2019testimonjanzi po\u017cittivi tal-klijenti li jenfasizzaw id-dedikazzjoni tag\u0127na g\u0127all-velo\u010bit\u00e0 u l-affidabbilt\u00e0, l-impenn tag\u0127na g\u0127as-salvagwardja tad-dejta personali huwa ta\u2019 importanza kbira. Ibda l-vja\u0121\u0121 tieg\u0127ek mag\u0127na llum u esperjenza l-og\u0127la kwalit\u00e0 ta\u2019 servizz imfassal apposta g\u0127all-b\u017connijiet uni\u010bi tieg\u0127ek.","breadcrumb":{"@id":"https:\/\/travelassisting.com\/global-testimonials-celebrating-satisfied-clients-and-our-quality-services\/#breadcrumb"},"inLanguage":"mt","potentialAction":[{"@type":"ReadAction","target":["https:\/\/travelassisting.com\/global-testimonials-celebrating-satisfied-clients-and-our-quality-services\/"]}]},{"@type":"BreadcrumbList","@id":"https:\/\/travelassisting.com\/global-testimonials-celebrating-satisfied-clients-and-our-quality-services\/#breadcrumb","itemListElement":[{"@type":"ListItem","position":1,"name":"Home","item":"https:\/\/travelassisting.com\/"},{"@type":"ListItem","position":2,"name":"Global Testimonials: Celebrating Satisfied Clients and Our Quality Services"}]},{"@type":"WebSite","@id":"https:\/\/travelassisting.com\/#website","url":"https:\/\/travelassisting.com\/","name":"Assistenza fl-ivvja\u0121\u0121ar","description":"","publisher":{"@id":"https:\/\/travelassisting.com\/#organization"},"potentialAction":[{"@type":"SearchAction","target":{"@type":"EntryPoint","urlTemplate":"https:\/\/travelassisting.com\/?s={search_term_string}"},"query-input":{"@type":"PropertyValueSpecification","valueRequired":true,"valueName":"search_term_string"}}],"inLanguage":"mt"},{"@type":"Organization","@id":"https:\/\/travelassisting.com\/#organization","name":"Assistenza fl-ivvja\u0121\u0121ar","url":"https:\/\/travelassisting.com\/","logo":{"@type":"ImageObject","inLanguage":"mt","@id":"https:\/\/travelassisting.com\/#\/schema\/logo\/image\/","url":"https:\/\/travelassisting.com\/wp-content\/uploads\/2025\/11\/logo.png","contentUrl":"https:\/\/travelassisting.com\/wp-content\/uploads\/2025\/11\/logo.png","width":435,"height":161,"caption":"Travel assisting"},"image":{"@id":"https:\/\/travelassisting.com\/#\/schema\/logo\/image\/"}}]}},"_links":{"self":[{"href":"https:\/\/travelassisting.com\/mt\/wp-json\/wp\/v2\/pages\/892","targetHints":{"allow":["GET"]}}],"collection":[{"href":"https:\/\/travelassisting.com\/mt\/wp-json\/wp\/v2\/pages"}],"about":[{"href":"https:\/\/travelassisting.com\/mt\/wp-json\/wp\/v2\/types\/page"}],"author":[{"embeddable":true,"href":"https:\/\/travelassisting.com\/mt\/wp-json\/wp\/v2\/users\/1"}],"replies":[{"embeddable":true,"href":"https:\/\/travelassisting.com\/mt\/wp-json\/wp\/v2\/comments?post=892"}],"version-history":[{"count":1,"href":"https:\/\/travelassisting.com\/mt\/wp-json\/wp\/v2\/pages\/892\/revisions"}],"predecessor-version":[{"id":893,"href":"https:\/\/travelassisting.com\/mt\/wp-json\/wp\/v2\/pages\/892\/revisions\/893"}],"wp:attachment":[{"href":"https:\/\/travelassisting.com\/mt\/wp-json\/wp\/v2\/media?parent=892"}],"curies":[{"name":"wp","href":"https:\/\/api.w.org\/{rel}","templated":true}]}}