{"id":892,"date":"2025-11-11T07:33:59","date_gmt":"2025-11-11T07:33:59","guid":{"rendered":"https:\/\/travelassisting.com\/global-testimonials-celebrating-satisfied-clients-and-our-quality-services\/"},"modified":"2025-11-11T07:37:22","modified_gmt":"2025-11-11T07:37:22","slug":"globalne-recenzije-koje-slave-zadovoljne-klijente-i-nase-kvalitetne-usluge","status":"publish","type":"page","link":"https:\/\/travelassisting.com\/hr\/globalne-recenzije-koje-slave-zadovoljne-klijente-i-nase-kvalitetne-usluge\/","title":{"rendered":"Globalne recenzije: Slavimo zadovoljne klijente i na\u0161e kvalitetne usluge"},"content":{"rendered":"<h2>Uvod u na\u0161e usluge<\/h2>\n<p>U dana\u0161njem brzom i me\u0111usobno povezanom svijetu, potra\u017enja za u\u010dinkovitim i sigurnim uslugama vezanim uz putovanja i identifikaciju nikada nije bila ve\u0107a. Na\u0161a tvrtka ponosno nudi sveobuhvatan niz usluga osmi\u0161ljenih kako bi zadovoljile raznolike potrebe na\u0161ih klijenata diljem svijeta. Me\u0111u raznim uslugama koje pru\u017eamo, izdavanje viza, putovnica, dozvola boravka i voza\u010dkih dozvola isti\u010de se kao sastavni dio koji olak\u0161ava me\u0111unarodnu mobilnost i boravak.<\/p>\n<p>Proces dobivanja ovih bitnih dokumenata \u010desto mo\u017ee biti optere\u0107en slo\u017eeno\u0161\u0107u, posebno u brzo promjenjivom globalnom okru\u017eenju. Na\u0161e brze i sigurne online usluge uklanjaju velik dio ove gnjava\u017ee, omogu\u0107uju\u0107i klijentima jednostavno snala\u017eenje u procesima prijave. Bez obzira kre\u0107ete li na poslovno putovanje, tra\u017eite nove prilike u inozemstvu ili vam je jednostavno potrebna identifikacija za svakodnevne aktivnosti, na\u0161e ponude prilago\u0111ene su pojednostavljenju iskustva za svakog klijenta.<\/p>\n<p>Vize su klju\u010dne za putnike koji \u017eele istra\u017eiti nove zemlje, omogu\u0107uju\u0107i im ulazak na temelju svrhe njihovog posjeta. Sli\u010dno tome, putovnice slu\u017ee kao osnovni dokaz identiteta i dr\u017eavljanstva, neophodan za svako me\u0111unarodno putovanje. Na\u0161a usluga jam\u010di da klijenti mogu brzo dobiti ove vitalne putne dokumente kako bi planirali svoja putovanja bez nepotrebnih ka\u0161njenja.<\/p>\n<p>Uz vize i putovnice, fokusiramo se i na boravi\u0161ne dozvole za pojedince koji \u017eele uspostaviti dugoro\u010dnu prisutnost u stranoj zemlji. Ova usluga rje\u0161ava pravne potrebe za boravkom, pru\u017eaju\u0107i klijentima mir pri prelasku u nova okru\u017eenja. Nadalje, na\u0161e izdavanje voza\u010dkih dozvola zadovoljava potrebe onih kojima je potrebna slu\u017ebena identifikacija za doma\u0107a putovanja i svakodnevne aktivnosti.<\/p>\n<p>Dok nastavljamo rasti i prilago\u0111avati se promjenjivim potrebama na\u0161ih klijenata, ostajemo predani pru\u017eanju visokokvalitetnih usluga koje osna\u017euju pojedince diljem svijeta. Kroz na\u0161u predanost izvrsnosti, nastojimo pobolj\u0161ati iskustva na\u0161ih klijenata i osigurati im potrebne alate za uspje\u0161no snala\u017eenje u globaliziranom svijetu.<\/p>\n<h2>Iskustva klijenata iz cijelog svijeta<\/h2>\n<p>Iskustva klijenata slu\u017ee kao sna\u017eni pokazatelji kvalitete usluge, pokazuju\u0107i zadovoljstvo i povjerenje koje klijenti imaju u ponude tvrtke. Na\u0161a organizacija sura\u0111ivala je s raznolikim nizom klijenata diljem svijeta, a svaki od njih pru\u017ea jedinstven uvid u svoja iskustva s na\u0161im uslugama. U nastavku predstavljamo izbor svjedo\u010danstava zadovoljnih klijenata, isti\u010du\u0107i njihove perspektive o na\u0161oj predanosti brzini, sigurnosti i pouzdanosti.<\/p>\n<p>Od u\u017eurbanih londonskih ulica do \u017eivahnih tr\u017enica Tokija, klijenti su dosljedno hvalili na\u0161u sposobnost pru\u017eanja brzih i u\u010dinkovitih usluga. Mnoga svjedo\u010danstva nagla\u0161avaju brzo vrijeme odziva koje odr\u017eavamo, omogu\u0107uju\u0107i tvrtkama nesmetano poslovanje \u010dak i u najizazovnijim okolnostima. Jedan klijent iz Kanade primijetio je: \u201cBrzina kojom su obradili na\u0161 hitan zahtjev bila je impresivna i zna\u010dajno je pobolj\u0161ala na\u0161u operativnu u\u010dinkovitost.\u201d Takve povratne informacije isti\u010du na\u0161u nepokolebljivu predanost osiguravanju da se potrebe na\u0161ih klijenata zadovolje brzo i kompetentno.<\/p>\n<p>\u0160to se ti\u010de sigurnosti, klijenti iz raznih sektora pohvalili su na\u0161e robusne sigurnosne mjere koje \u0161tite njihove osjetljive podatke. Tehnolo\u0161ka tvrtka u Njema\u010dkoj izjavila je: \u201cRazina sigurnosti koju smo iskusili bila je neusporediva, daju\u0107i nam povjerenje da upravljamo svojim podacima bez straha.\u201d Ova potvrda pokazuje na\u0161u predanost pru\u017eanju ne samo pouzdanih ve\u0107 i sigurnih usluga na koje se klijenti mogu osloniti.<\/p>\n<p>Kona\u010dno, pouzdanost na\u0161ih usluga postala je stalna tema u povratnim informacijama klijenata. Neprofitna organizacija u Australiji podijelila je: \u201cVjerovali smo njihovim uslugama iznova i iznova i nikada nas nisu iznevjerili.\u201d Ovaj osje\u0107aj odra\u017eava trajno povjerenje koje smo izgradili dosljednim pru\u017eanjem usluga, \u0161to je klju\u010dni faktor u privla\u010denju i zadr\u017eavanju klijenata u dana\u0161njem konkurentnom okru\u017eenju. Ova svjedo\u010danstva ilustriraju na\u0161 globalni doseg i predanost izvrsnosti, slu\u017ee\u0107i kao dokaz odnosa koje smo izgradili s na\u0161im klijentima diljem svijeta.<\/p>\n<h2>Va\u017enost povjerenja i sigurnosti u na\u0161im uslugama<\/h2>\n<p>U podru\u010dju online usluga, posebno onih vezanih uz osjetljivu dokumentaciju poput viza i putovnica, uspostavljanje povjerenja i sigurnosti je od najve\u0107e va\u017enosti. Klijenti nam povjeravaju svoje osobne podatke, a na\u0161a je odgovornost osigurati da su ti podaci za\u0161ti\u0107eni pod svaku cijenu. Provodimo mjere koje jam\u010de robusne sigurnosne protokole, uklju\u010duju\u0107i enkripciju podataka, sigurnu infrastrukturu poslu\u017eitelja i redovite revizije za pra\u0107enje i pobolj\u0161anje na\u0161ih sigurnosnih sustava. Ova nepokolebljiva predanost za\u0161titi podataka klijenata poti\u010de okru\u017eenje povjerenja, omogu\u0107uju\u0107i na\u0161im klijentima da se osje\u0107aju sigurno tijekom cijelog procesa dokumentiranja.<\/p>\n<p>Zadovoljstvo klijenata inherentno je povezano s percipiranom sigurno\u0161\u0107u njihovih podataka. Kada pojedinci odlu\u010de koristiti usluge koje se ti\u010du njihovih osobnih podataka, tra\u017ee sigurnost da \u0107e se s njihovim podacima postupati s najve\u0107om pa\u017enjom i povjerljivo\u0161\u0107u. Davanjem prioriteta sigurnosti u na\u0161em poslovanju, ne samo da rje\u0161avamo legitimne brige na\u0161ih klijenata, ve\u0107 i pobolj\u0161avamo njihovo cjelokupno iskustvo s na\u0161im ponudama. Kada klijenti znaju da se s njihovim podacima postupa sigurno, njihovo povjerenje u na\u0161e usluge raste, \u0161to posljedi\u010dno dovodi do ve\u0107e razine zadovoljstva i pozitivnih povratnih informacija.<\/p>\n<p>Utjecaj povjerenja i sigurnosti na na\u0161 ugled ne mo\u017ee se dovoljno naglasiti. Zadovoljni klijenti \u010desto dijele svoja pozitivna iskustva putem svjedo\u010danstava, poja\u010davaju\u0107i na\u0161 kredibilitet na konkurentnom tr\u017ei\u0161tu. Zna\u010dajan broj biv\u0161ih klijenata potvrdio je kako je na\u0161a pa\u017enja prema sigurnosti podataka izravno utjecala na njihovu odluku da ponovno koriste na\u0161e usluge. Njihova svjedo\u010danstva isti\u010du ne samo na\u0161u predanost kvaliteti, ve\u0107 i udobnost koju su osje\u0107ali znaju\u0107i da su njihovi osjetljivi podaci u sigurnim rukama. Promicanjem kulture povjerenja i sigurnosti postavljamo temelje za trajne odnose s na\u0161im klijentima, \u0161to rezultira lojalnim kupcima i solidnim ugledom u industriji.<\/p>\n<h2>Zaklju\u010dak i kako zapo\u010deti<\/h2>\n<p>Zaklju\u010dno, svjedo\u010danstva na\u0161ih zadovoljnih klijenata isti\u010du na\u0161u predanost pru\u017eanju kvalitetnih usluga koje zadovoljavaju razli\u010dite potrebe. Pozitivne povratne informacije nagla\u0161avaju u\u010dinkovitost na\u0161eg pristupa, koji je osmi\u0161ljen kako bi se osiguralo da svaki klijent dobije personaliziranu pa\u017enju i besprijekorno iskustvo. Stalno smo primali pohvale za na\u0161u profesionalnost, odzivnost i stru\u010dnost, \u0161to je dovelo do dugoro\u010dnih odnosa s na\u0161im klijentima.<\/p>\n<p>Za one koji razmi\u0161ljaju o anga\u017eiranju na\u0161ih profesionalnih usluga, po\u010detak postupka je jednostavan i prilago\u0111en korisnicima. Razvili smo online platformu koja potencijalnim klijentima omogu\u0107uje jednostavan pristup informacijama o na\u0161im ponudama. To uklju\u010duje opise usluga, cijene i \u010desto postavljana pitanja kako bi se olak\u0161alo dono\u0161enje informiranih odluka. Sa samo nekoliko klikova, pojedinci mogu pokrenuti svoje upite ili zapo\u010deti proces prijave, \u0161to im olak\u0161ava po\u010detak putovanja s nama.<\/p>\n<p>Razumijemo da su potrebe svakog klijenta jedinstvene. Stoga pozdravljamo sva pitanja i rado \u0107emo razgovarati o tome kako mo\u017eemo udovoljiti specifi\u010dnim zahtjevima. Kontaktirajte nas putem kontakt obrasca na na\u0161oj web stranici ili telefonom, a na\u0161 predani tim bit \u0107e vam spreman pomo\u0107i. Cijenimo otvorenu komunikaciju i predani smo pru\u017eanju pravovremenih odgovora na sve upite.<\/p>\n<p>Pozivamo vas da istra\u017eite mogu\u0107nost pridru\u017eivanja na\u0161oj zajednici zadovoljnih klijenata. Zapamtite, va\u0161 put prema kvalitetnim uslugama i iznimnim rezultatima udaljen je samo nekoliko koraka. Veselimo se suradnji s vama i osiguravanju da va\u0161a o\u010dekivanja budu nadma\u0161ena.<\/p>","protected":false},"excerpt":{"rendered":"<p>Introduction to Our Services In today&#8217;s fast-paced and interconnected world, the demand for efficient and secure services related to travel and identification has never been greater. Our company is proud to offer a comprehensive range of services designed to meet the diverse needs of our clients globally. Among the various services we provide, the issuance [&hellip;]<\/p>\n","protected":false},"author":1,"featured_media":0,"parent":0,"menu_order":0,"comment_status":"closed","ping_status":"closed","template":"","meta":{"footnotes":""},"class_list":["post-892","page","type-page","status-publish","hentry"],"yoast_head":"<!-- This site is optimized with the Yoast SEO Premium plugin v26.0 (Yoast SEO v26.9) - https:\/\/yoast.com\/product\/yoast-seo-premium-wordpress\/ -->\n<title>Global Testimonials: Celebrating Satisfied Clients and Our Quality Services<\/title>\n<meta name=\"description\" content=\"Discover our comprehensive range of travel and identification services, including visa and passport issuance, resident permits, and driver licenses. We prioritize efficiency, security, and client satisfaction, ensuring a seamless experience for individuals navigating the complexities of international mobility. With positive client testimonials highlighting our dedication to speed and reliability, our commitment to safeguarding personal data is paramount. Start your journey with us today and experience the highest quality of service tailored to your unique needs.\" \/>\n<meta name=\"robots\" content=\"index, follow, max-snippet:-1, max-image-preview:large, max-video-preview:-1\" \/>\n<link rel=\"canonical\" href=\"https:\/\/travelassisting.com\/hr\/globalne-recenzije-koje-slave-zadovoljne-klijente-i-nase-kvalitetne-usluge\/\" \/>\n<meta property=\"og:locale\" content=\"hr_HR\" \/>\n<meta property=\"og:type\" content=\"article\" \/>\n<meta property=\"og:title\" content=\"Global Testimonials: Celebrating Satisfied Clients and Our Quality Services\" \/>\n<meta property=\"og:description\" content=\"Discover our comprehensive range of travel and identification services, including visa and passport issuance, resident permits, and driver licenses. We prioritize efficiency, security, and client satisfaction, ensuring a seamless experience for individuals navigating the complexities of international mobility. With positive client testimonials highlighting our dedication to speed and reliability, our commitment to safeguarding personal data is paramount. Start your journey with us today and experience the highest quality of service tailored to your unique needs.\" \/>\n<meta property=\"og:url\" content=\"https:\/\/travelassisting.com\/hr\/globalne-recenzije-koje-slave-zadovoljne-klijente-i-nase-kvalitetne-usluge\/\" \/>\n<meta property=\"og:site_name\" content=\"Travel assisting\" \/>\n<meta property=\"article:modified_time\" content=\"2025-11-11T07:37:22+00:00\" \/>\n<meta name=\"twitter:card\" content=\"summary_large_image\" \/>\n<meta name=\"twitter:label1\" content=\"Procijenjeno vrijeme \u010ditanja\" \/>\n\t<meta name=\"twitter:data1\" content=\"6 minuta\" \/>\n<script type=\"application\/ld+json\" class=\"yoast-schema-graph\">{\"@context\":\"https:\/\/schema.org\",\"@graph\":[{\"@type\":\"WebPage\",\"@id\":\"https:\/\/travelassisting.com\/global-testimonials-celebrating-satisfied-clients-and-our-quality-services\/\",\"url\":\"https:\/\/travelassisting.com\/global-testimonials-celebrating-satisfied-clients-and-our-quality-services\/\",\"name\":\"Global Testimonials: Celebrating Satisfied Clients and Our Quality Services\",\"isPartOf\":{\"@id\":\"https:\/\/travelassisting.com\/#website\"},\"datePublished\":\"2025-11-11T07:33:59+00:00\",\"dateModified\":\"2025-11-11T07:37:22+00:00\",\"description\":\"Discover our comprehensive range of travel and identification services, including visa and passport issuance, resident permits, and driver licenses. We prioritize efficiency, security, and client satisfaction, ensuring a seamless experience for individuals navigating the complexities of international mobility. With positive client testimonials highlighting our dedication to speed and reliability, our commitment to safeguarding personal data is paramount. Start your journey with us today and experience the highest quality of service tailored to your unique needs.\",\"breadcrumb\":{\"@id\":\"https:\/\/travelassisting.com\/global-testimonials-celebrating-satisfied-clients-and-our-quality-services\/#breadcrumb\"},\"inLanguage\":\"hr\",\"potentialAction\":[{\"@type\":\"ReadAction\",\"target\":[\"https:\/\/travelassisting.com\/global-testimonials-celebrating-satisfied-clients-and-our-quality-services\/\"]}]},{\"@type\":\"BreadcrumbList\",\"@id\":\"https:\/\/travelassisting.com\/global-testimonials-celebrating-satisfied-clients-and-our-quality-services\/#breadcrumb\",\"itemListElement\":[{\"@type\":\"ListItem\",\"position\":1,\"name\":\"Home\",\"item\":\"https:\/\/travelassisting.com\/\"},{\"@type\":\"ListItem\",\"position\":2,\"name\":\"Global Testimonials: Celebrating Satisfied Clients and Our Quality Services\"}]},{\"@type\":\"WebSite\",\"@id\":\"https:\/\/travelassisting.com\/#website\",\"url\":\"https:\/\/travelassisting.com\/\",\"name\":\"Travel assisting\",\"description\":\"\",\"publisher\":{\"@id\":\"https:\/\/travelassisting.com\/#organization\"},\"potentialAction\":[{\"@type\":\"SearchAction\",\"target\":{\"@type\":\"EntryPoint\",\"urlTemplate\":\"https:\/\/travelassisting.com\/?s={search_term_string}\"},\"query-input\":{\"@type\":\"PropertyValueSpecification\",\"valueRequired\":true,\"valueName\":\"search_term_string\"}}],\"inLanguage\":\"hr\"},{\"@type\":\"Organization\",\"@id\":\"https:\/\/travelassisting.com\/#organization\",\"name\":\"Travel assisting\",\"url\":\"https:\/\/travelassisting.com\/\",\"logo\":{\"@type\":\"ImageObject\",\"inLanguage\":\"hr\",\"@id\":\"https:\/\/travelassisting.com\/#\/schema\/logo\/image\/\",\"url\":\"https:\/\/travelassisting.com\/wp-content\/uploads\/2025\/11\/logo.png\",\"contentUrl\":\"https:\/\/travelassisting.com\/wp-content\/uploads\/2025\/11\/logo.png\",\"width\":435,\"height\":161,\"caption\":\"Travel assisting\"},\"image\":{\"@id\":\"https:\/\/travelassisting.com\/#\/schema\/logo\/image\/\"}}]}<\/script>\n<!-- \/ Yoast SEO Premium plugin. -->","yoast_head_json":{"title":"Globalne recenzije: Slavimo zadovoljne klijente i na\u0161e kvalitetne usluge","description":"Otkrijte na\u0161u sveobuhvatnu ponudu putnih i identifikacijskih usluga, uklju\u010duju\u0107i izdavanje viza i putovnica, boravi\u0161nih dozvola i voza\u010dkih dozvola. Prioritet nam je u\u010dinkovitost, sigurnost i zadovoljstvo klijenata, osiguravaju\u0107i besprijekorno iskustvo pojedincima koji se snalaze u slo\u017eenosti me\u0111unarodne mobilnosti. S pozitivnim svjedo\u010danstvima klijenata koja isti\u010du na\u0161u predanost brzini i pouzdanosti, na\u0161a predanost za\u0161titi osobnih podataka je od najve\u0107e va\u017enosti. Zapo\u010dnite svoje putovanje s nama ve\u0107 danas i iskusite najkvalitetniju uslugu prilago\u0111enu va\u0161im jedinstvenim potrebama.","robots":{"index":"index","follow":"follow","max-snippet":"max-snippet:-1","max-image-preview":"max-image-preview:large","max-video-preview":"max-video-preview:-1"},"canonical":"https:\/\/travelassisting.com\/hr\/globalne-recenzije-koje-slave-zadovoljne-klijente-i-nase-kvalitetne-usluge\/","og_locale":"hr_HR","og_type":"article","og_title":"Global Testimonials: Celebrating Satisfied Clients and Our Quality Services","og_description":"Discover our comprehensive range of travel and identification services, including visa and passport issuance, resident permits, and driver licenses. We prioritize efficiency, security, and client satisfaction, ensuring a seamless experience for individuals navigating the complexities of international mobility. With positive client testimonials highlighting our dedication to speed and reliability, our commitment to safeguarding personal data is paramount. Start your journey with us today and experience the highest quality of service tailored to your unique needs.","og_url":"https:\/\/travelassisting.com\/hr\/globalne-recenzije-koje-slave-zadovoljne-klijente-i-nase-kvalitetne-usluge\/","og_site_name":"Travel assisting","article_modified_time":"2025-11-11T07:37:22+00:00","twitter_card":"summary_large_image","twitter_misc":{"Procijenjeno vrijeme \u010ditanja":"6 minuta"},"schema":{"@context":"https:\/\/schema.org","@graph":[{"@type":"WebPage","@id":"https:\/\/travelassisting.com\/global-testimonials-celebrating-satisfied-clients-and-our-quality-services\/","url":"https:\/\/travelassisting.com\/global-testimonials-celebrating-satisfied-clients-and-our-quality-services\/","name":"Globalne recenzije: Slavimo zadovoljne klijente i na\u0161e kvalitetne usluge","isPartOf":{"@id":"https:\/\/travelassisting.com\/#website"},"datePublished":"2025-11-11T07:33:59+00:00","dateModified":"2025-11-11T07:37:22+00:00","description":"Otkrijte na\u0161u sveobuhvatnu ponudu putnih i identifikacijskih usluga, uklju\u010duju\u0107i izdavanje viza i putovnica, boravi\u0161nih dozvola i voza\u010dkih dozvola. Prioritet nam je u\u010dinkovitost, sigurnost i zadovoljstvo klijenata, osiguravaju\u0107i besprijekorno iskustvo pojedincima koji se snalaze u slo\u017eenosti me\u0111unarodne mobilnosti. S pozitivnim svjedo\u010danstvima klijenata koja isti\u010du na\u0161u predanost brzini i pouzdanosti, na\u0161a predanost za\u0161titi osobnih podataka je od najve\u0107e va\u017enosti. Zapo\u010dnite svoje putovanje s nama ve\u0107 danas i iskusite najkvalitetniju uslugu prilago\u0111enu va\u0161im jedinstvenim potrebama.","breadcrumb":{"@id":"https:\/\/travelassisting.com\/global-testimonials-celebrating-satisfied-clients-and-our-quality-services\/#breadcrumb"},"inLanguage":"hr","potentialAction":[{"@type":"ReadAction","target":["https:\/\/travelassisting.com\/global-testimonials-celebrating-satisfied-clients-and-our-quality-services\/"]}]},{"@type":"BreadcrumbList","@id":"https:\/\/travelassisting.com\/global-testimonials-celebrating-satisfied-clients-and-our-quality-services\/#breadcrumb","itemListElement":[{"@type":"ListItem","position":1,"name":"Home","item":"https:\/\/travelassisting.com\/"},{"@type":"ListItem","position":2,"name":"Global Testimonials: Celebrating Satisfied Clients and Our Quality Services"}]},{"@type":"WebSite","@id":"https:\/\/travelassisting.com\/#website","url":"https:\/\/travelassisting.com\/","name":"Pomo\u0107 pri putovanju","description":"","publisher":{"@id":"https:\/\/travelassisting.com\/#organization"},"potentialAction":[{"@type":"SearchAction","target":{"@type":"EntryPoint","urlTemplate":"https:\/\/travelassisting.com\/?s={search_term_string}"},"query-input":{"@type":"PropertyValueSpecification","valueRequired":true,"valueName":"search_term_string"}}],"inLanguage":"hr"},{"@type":"Organization","@id":"https:\/\/travelassisting.com\/#organization","name":"Pomo\u0107 pri putovanju","url":"https:\/\/travelassisting.com\/","logo":{"@type":"ImageObject","inLanguage":"hr","@id":"https:\/\/travelassisting.com\/#\/schema\/logo\/image\/","url":"https:\/\/travelassisting.com\/wp-content\/uploads\/2025\/11\/logo.png","contentUrl":"https:\/\/travelassisting.com\/wp-content\/uploads\/2025\/11\/logo.png","width":435,"height":161,"caption":"Travel assisting"},"image":{"@id":"https:\/\/travelassisting.com\/#\/schema\/logo\/image\/"}}]}},"_links":{"self":[{"href":"https:\/\/travelassisting.com\/hr\/wp-json\/wp\/v2\/pages\/892","targetHints":{"allow":["GET"]}}],"collection":[{"href":"https:\/\/travelassisting.com\/hr\/wp-json\/wp\/v2\/pages"}],"about":[{"href":"https:\/\/travelassisting.com\/hr\/wp-json\/wp\/v2\/types\/page"}],"author":[{"embeddable":true,"href":"https:\/\/travelassisting.com\/hr\/wp-json\/wp\/v2\/users\/1"}],"replies":[{"embeddable":true,"href":"https:\/\/travelassisting.com\/hr\/wp-json\/wp\/v2\/comments?post=892"}],"version-history":[{"count":1,"href":"https:\/\/travelassisting.com\/hr\/wp-json\/wp\/v2\/pages\/892\/revisions"}],"predecessor-version":[{"id":893,"href":"https:\/\/travelassisting.com\/hr\/wp-json\/wp\/v2\/pages\/892\/revisions\/893"}],"wp:attachment":[{"href":"https:\/\/travelassisting.com\/hr\/wp-json\/wp\/v2\/media?parent=892"}],"curies":[{"name":"radni list","href":"https:\/\/api.w.org\/{rel}","templated":true}]}}