{"id":892,"date":"2025-11-11T07:33:59","date_gmt":"2025-11-11T07:33:59","guid":{"rendered":"https:\/\/travelassisting.com\/global-testimonials-celebrating-satisfied-clients-and-our-quality-services\/"},"modified":"2025-11-11T07:37:22","modified_gmt":"2025-11-11T07:37:22","slug":"teistimeireachtai-domhanda-ag-ceiliuradh-cliant-sasta-agus-ar-seirbhisi-ardchaighdeain","status":"publish","type":"page","link":"https:\/\/travelassisting.com\/ga\/teistimeireachtai-domhanda-ag-ceiliuradh-cliant-sasta-agus-ar-seirbhisi-ardchaighdeain\/","title":{"rendered":"Teistim\u00e9ireachta\u00ed Domhanda: Ag Ceili\u00faradh Cliant S\u00e1sta agus \u00c1r Seirbh\u00eds\u00ed Ardchaighde\u00e1in"},"content":{"rendered":"<h2>R\u00e9amhr\u00e1 ar \u00e1r Seirbh\u00eds\u00ed<\/h2>\n<p>I saol an lae inniu at\u00e1 ag athr\u00fa go tapa agus ag idirnasc, n\u00ed raibh an t-\u00e9ileamh ar sheirbh\u00eds\u00ed \u00e9ifeachtacha agus sl\u00e1na a bhaineann le taisteal agus aitheantas n\u00edos m\u00f3 n\u00e1 riamh. T\u00e1 \u00e1r gcuideachta br\u00f3d\u00fail as raon cuimsitheach seirbh\u00eds\u00ed a thairiscint at\u00e1 deartha chun freastal ar riachtanais \u00e9ags\u00fala \u00e1r gcliaint ar fud an domhain. I measc na seirbh\u00eds\u00ed \u00e9ags\u00fala a chuirimid ar f\u00e1il, seasann eisi\u00faint v\u00edosa\u00ed, pasanna, ceadanna c\u00f3naithe agus cead\u00fanas tiom\u00e1na amach mar chomhph\u00e1irteanna l\u00e1rnacha a \u00e9asca\u00edonn soghluaisteacht agus c\u00f3naitheacht idirn\u00e1isi\u00fanta.<\/p>\n<p>Is minic a bh\u00edonn an pr\u00f3iseas chun na doicim\u00e9id riachtanacha seo a fh\u00e1il casta go leor, go h\u00e1irithe i dtimpeallacht dhomhanda at\u00e1 ag athr\u00fa go mear. Cuireann \u00e1r seirbh\u00eds\u00ed ar l\u00edne tapa agus sl\u00e1na deireadh le cuid mh\u00f3r den str\u00f3 seo, rud a chuireann ar chumas cliant nasclean\u00faint a dh\u00e9anamh tr\u00ed na pr\u00f3isis iarratais go h\u00e9asca. Cib\u00e9 acu at\u00e1 siad ag dul ar thuras gn\u00f3, ag lorg deiseanna nua thar lear, n\u00f3 ag teast\u00e1il aitheantas uathu le haghaidh gn\u00edomha\u00edochta\u00ed laeth\u00fala, t\u00e1 \u00e1r dtairiscint\u00ed saincheaptha chun an taith\u00ed a shruthl\u00edni\u00fa do gach cliant.<\/p>\n<p>T\u00e1 v\u00edosa\u00ed r\u00edth\u00e1bhachtach do thaistealaithe ar mian leo t\u00edortha nua a ini\u00fachadh, rud a thugann deis d\u00f3ibh dul isteach bunaithe ar chusp\u00f3ir a gcuairte. Ar an gcaoi ch\u00e9anna, feidhm\u00edonn pasanna mar chruth\u00fanas bun\u00fasach c\u00e9annachta agus saor\u00e1nachta, rud at\u00e1 riachtanach d\u2019aon taisteal idirn\u00e1isi\u00fanta. R\u00e1tha\u00edonn \u00e1r seirbh\u00eds gur f\u00e9idir le cliaint na doicim\u00e9id taistil r\u00edth\u00e1bhachtacha seo a fh\u00e1il go pras chun a dturais a phlean\u00e1il gan mhoill mh\u00edchu\u00ed.<\/p>\n<p>Chomh maith le v\u00edosa\u00ed agus pasanna, d\u00edr\u00edmid freisin ar cheadanna c\u00f3naithe do dhaoine aonair at\u00e1 ag iarraidh l\u00e1ithreacht fhadt\u00e9armach a bhun\u00fa i dt\u00edr iasachta. Tugann an tseirbh\u00eds seo aghaidh ar na riachtanais dhl\u00edthi\u00fala maidir le c\u00f3naitheacht, ag tabhairt suaimhneas intinne do chliaint agus iad ag aistri\u00fa go timpeallachta\u00ed nua. Ina theannta sin, freastala\u00edonn \u00e1r n-eisi\u00faint cead\u00fanas tiom\u00e1na ar dhaoine a bhfuil aitheantas oifigi\u00fail ag teast\u00e1il uathu le haghaidh taistil int\u00edre agus gn\u00edomha\u00edochta\u00ed laeth\u00fala.<\/p>\n<p>De r\u00e9ir mar a leanann muid ag f\u00e1s agus ag oiri\u00fan\u00fa do riachtanais athraitheacha \u00e1r gcliaint, t\u00e1imid tiomanta f\u00f3s do sheirbh\u00eds\u00ed ardchaighde\u00e1in a shol\u00e1thar a chumhachta\u00edonn daoine aonair ar fud an domhain. Tr\u00ed \u00e1r dtiomantas don s\u00e1rmhaitheas, d\u00e9anaimid \u00e1r nd\u00edcheall feabhas a chur ar thaith\u00ed \u00e1r gcliaint agus a chinnti\u00fa go bhfuil na huirlis\u00ed riachtanacha acu le haghaidh nasclean\u00faint rath\u00fail i ndomhan domhandaithe.<\/p>\n<h2>Teistim\u00e9ireachta\u00ed Cliant \u00f3 Gach Cearn den Domhan<\/h2>\n<p>Feidhm\u00edonn teistim\u00e9ireachta\u00ed cliant mar th\u00e1scair\u00ed cumhachtacha ar ch\u00e1il\u00edocht seirbh\u00edse, ag l\u00e9iri\u00fa an ts\u00e1stachta agus an mhuin\u00edn at\u00e1 ag cliaint i dtairiscint\u00ed cuideachta. T\u00e1 \u00e1r n-eagra\u00edocht tar \u00e9is comhoibri\u00fa le r\u00e9imse leathan cliant ar fud an domhain, agus cuireann gach ceann acu l\u00e9argas uath\u00fail ar f\u00e1il ar a dtaith\u00ed len\u00e1r seirbh\u00eds\u00ed. Anseo th\u00edos, cuirimid rogha teistim\u00e9ireachta\u00ed \u00f3 chliaint s\u00e1sta i l\u00e1thair, ag tabhairt l\u00e9argas ar a dtuairim\u00ed maidir len\u00e1r dtiomantas do luas, sl\u00e1nd\u00e1il agus iontaofacht.<\/p>\n<p>\u00d3 shr\u00e1ideanna gn\u00f3thacha Londain go marga\u00ed br\u00edomhara Th\u00f3iceo, t\u00e1 cliaint ag moladh \u00e1r gcumas seirbh\u00eds\u00ed pras agus \u00e9ifeacht\u00fala a shol\u00e1thar i gc\u00f3na\u00ed. Leagann go leor fianaise b\u00e9im ar na hamanna freagartha gasta a choinn\u00edmid, rud a ligeann do ghn\u00f3lachta\u00ed feidhmi\u00fa go r\u00e9idh fi\u00fa sna c\u00fains\u00ed is d\u00fashl\u00e1na\u00ed. Thug cliant amh\u00e1in \u00f3 Cheanada faoi deara, \u201cBh\u00ed an luas lena ndearna siad \u00e1r n-iarratas pr\u00e1inneach a l\u00e1imhse\u00e1il suntasach, agus chuir s\u00e9 feabhas suntasach ar \u00e1r n-\u00e9ifeacht\u00falacht oibr\u00edocht\u00fail.\u201d Leagann aiseolas den s\u00f3rt sin b\u00e9im ar \u00e1r nd\u00fathracht dhochlo\u00edte chun a chinnti\u00fa go gcomhl\u00edontar riachtanais \u00e1r gcliaint go pras agus go hinni\u00fail.<\/p>\n<p>Maidir le sl\u00e1nd\u00e1il, t\u00e1 cliaint \u00f3 earn\u00e1lacha \u00e9ags\u00fala tar \u00e9is moladh a thabhairt d\u00e1r mbearta s\u00e1bh\u00e1ilteachta l\u00e1idre a chosna\u00edonn a gcuid faisn\u00e9ise \u00edogaire. D\u00fairt gn\u00f3lacht teicneola\u00edochta sa Ghearm\u00e1in, \u201cN\u00ed raibh aon s\u00e1r\u00fa ar an leibh\u00e9al sl\u00e1nd\u00e1la a bh\u00ed againn, rud a thug an mhuin\u00edn d\u00fainn \u00e1r sonra\u00ed a bhainisti\u00fa gan eagla.\u201d L\u00e9ir\u00edonn an dearbh\u00fa seo \u00e1r dtiomantas do sheirbh\u00eds\u00ed iontaofa agus sl\u00e1na a thairiscint ar f\u00e9idir le cliaint brath orthu.<\/p>\n<p>Ar deireadh, t\u00e1 iontaofacht \u00e1r seirbh\u00eds\u00ed ina th\u00e9ama athfhillteach i measc aiseolas cliant. D\u00fairt eagra\u00edocht neamhbhrab\u00fais san Astr\u00e1il, \u201cT\u00e1 muin\u00edn againn as a gcuid seirbh\u00eds\u00ed ar\u00eds agus ar\u00eds eile, agus n\u00edor chuir siad d\u00edom\u00e1 orainn riamh.\u201d L\u00e9ir\u00edonn an tuairim seo an muin\u00edn bhuan at\u00e1 t\u00f3gtha againn tr\u00ed sheachadadh seirbh\u00edse comhsheasmhach, rud at\u00e1 r\u00edth\u00e1bhachtach chun cliaint a mhealladh agus a choinne\u00e1il i dt\u00edrdhreach ioma\u00edoch an lae inniu. L\u00e9ir\u00edonn na teistim\u00e9ireachta\u00ed seo \u00e1r raon domhanda agus \u00e1r dtiomantas don s\u00e1rmhaitheas, agus is fianaise iad ar na caidrimh at\u00e1 cruthaithe againn len\u00e1r gcliaint ar fud an domhain.<\/p>\n<h2>T\u00e1bhacht na hIontaobhais agus na Sl\u00e1nd\u00e1la in\u00e1r Seirbh\u00eds\u00ed<\/h2>\n<p>I r\u00e9imse na seirbh\u00eds\u00ed ar l\u00edne, go h\u00e1irithe iad si\u00fad a bhaineann le doicim\u00e9id \u00edogaire amhail v\u00edosa\u00ed agus pasanna, is \u00e1bhar imn\u00ed r\u00edth\u00e1bhachtach \u00e9 muin\u00edn agus sl\u00e1nd\u00e1il a choth\u00fa. Cuireann cliaint a gcuid sonra\u00ed pearsanta in\u00e1r muin\u00edn, agus is \u00e9 \u00e1r bhfreagracht a chinnti\u00fa go gcosna\u00edtear an fhaisn\u00e9is seo ar gach costas. Cuirtear bearta i bhfeidhm chun pr\u00f3tacail sl\u00e1nd\u00e1la l\u00e1idre a r\u00e1th\u00fa, lena n-\u00e1ir\u00edtear cripti\u00fa sonra\u00ed, bonneagar freastala\u00ed sl\u00e1n, agus ini\u00fachta\u00ed rialta chun monat\u00f3ireacht a dh\u00e9anamh ar \u00e1r gc\u00f3rais sl\u00e1nd\u00e1la agus iad a fheabhs\u00fa. Cotha\u00edonn an tiomantas dochlo\u00edte seo do shonra\u00ed cliant a chosaint timpeallacht muin\u00edne, rud a ligeann d\u00e1r gcliaint moth\u00fa sl\u00e1n i rith an phr\u00f3isis doicim\u00e9adaithe.<\/p>\n<p>T\u00e1 s\u00e1stacht chliaint nasctha go bun\u00fasach le s\u00e1bh\u00e1ilteacht a sonra\u00ed. Nuair a roghna\u00edonn daoine aonair dul i mbun seirbh\u00eds\u00ed a bhaineann lena gcuid faisn\u00e9ise pearsanta, lorga\u00edonn siad dearbh\u00fa go nd\u00e9anfar a gcuid sonra\u00ed a l\u00e1imhse\u00e1il leis an gc\u00faram agus leis an r\u00fandacht is m\u00f3. Tr\u00ed th\u00fas \u00e1ite a thabhairt do shl\u00e1nd\u00e1il in\u00e1r n-oibr\u00edochta\u00ed, n\u00ed hamh\u00e1in go bhfreastala\u00edmid ar imn\u00ed dlisteanacha \u00e1r gcliaint ach feabhsa\u00edmid a dtaith\u00ed fhorioml\u00e1n len\u00e1r dtairiscint\u00ed freisin. Nuair a bh\u00edonn a fhios ag cliaint go nd\u00e9antar a gcuid sonra\u00ed a l\u00e1imhse\u00e1il go sl\u00e1n, m\u00e9ada\u00edonn a muin\u00edn in\u00e1r seirbh\u00eds\u00ed, rud a fh\u00e1gann go mb\u00edonn leibh\u00e9il n\u00edos airde s\u00e1stachta agus aiseolas dearfach acu ina dhiaidh sin.<\/p>\n<p>N\u00ed f\u00e9idir an tionchar a bh\u00edonn ag muin\u00edn agus sl\u00e1nd\u00e1il ar \u00e1r gc\u00e1il a r\u00f3-mheas. Is minic a roinneann cliaint s\u00e1sta a dtaith\u00ed dhearfacha tr\u00ed theistim\u00e9ireachta\u00ed, rud a chuireann len\u00e1r gcreidi\u00fanacht laistigh den mhargadh ioma\u00edoch. T\u00e1 l\u00edon suntasach cliant san am at\u00e1 thart tar \u00e9is a dhearbh\u00fa go raibh tionchar d\u00edreach ag \u00e1r n-aird ar shl\u00e1nd\u00e1il sonra\u00ed ar a gcinneadh filleadh ar \u00e1r seirbh\u00eds\u00ed. L\u00e9ir\u00edonn a dteistim\u00e9ireachta\u00ed n\u00ed hamh\u00e1in \u00e1r dtiomantas do ch\u00e1il\u00edocht ach an chompord a mhothaigh siad agus iad ar an eolas go raibh a gcuid faisn\u00e9ise \u00edogaire i l\u00e1mha s\u00e1bh\u00e1ilte. Agus cult\u00far muin\u00edne agus sl\u00e1nd\u00e1la \u00e1 chur chun cinn againn, leagann muid an d\u00fashraith do chaidrimh mharthanacha len\u00e1r gcliaint, rud a fh\u00e1gann custaim\u00e9ir\u00ed d\u00edlse agus dea-ch\u00e1il sa tionscal.<\/p>\n<h2>Concl\u00faid agus Conas Tos\u00fa<\/h2>\n<p>Mar fhocal scoir, l\u00e9ir\u00edonn na teistim\u00e9ireachta\u00ed a chuir \u00e1r gcliaint s\u00e1sta ar f\u00e1il an d\u00fathracht a chuireann muid i bhfeidhm maidir le seirbh\u00eds\u00ed ardchaighde\u00e1in a shol\u00e1thar a chomhl\u00edonann riachtanais \u00e9ags\u00fala. Leagann an t-aiseolas dearfach b\u00e9im ar \u00e9ifeachtacht \u00e1r gcur chuige, at\u00e1 deartha chun a chinnti\u00fa go bhfaigheann gach cliant aird phearsanta agus eisp\u00e9ireas gan uaim. T\u00e1 moladh faighte againn i gc\u00f3na\u00ed as \u00e1r ngairmi\u00falacht, \u00e1r bhfreagr\u00falacht agus \u00e1r saineolas, rud a d\u2019fh\u00e1g go bhfuil caidreamh fadt\u00e9armach againn len\u00e1r gcliaint.<\/p>\n<p>D\u00f3ibh si\u00fad at\u00e1 ag smaoineamh ar \u00fas\u00e1id a bhaint as \u00e1r seirbh\u00eds\u00ed gairmi\u00fala, t\u00e1 t\u00fas a chur leis an bpr\u00f3iseas simpl\u00ed agus furasta le h\u00fas\u00e1id. T\u00e1 ard\u00e1n ar l\u00edne forbartha againn a ligeann do chliaint ionchasacha rochtain \u00e9asca a fh\u00e1il ar fhaisn\u00e9is faoin\u00e1r dtairiscint\u00ed. \u00c1ir\u00edtear leis seo tuairisc\u00ed ar sheirbh\u00eds\u00ed, praghs\u00e1il, agus ceisteanna coitianta chun cinnteoireacht eolasach a \u00e9asc\u00fa. Le c\u00fapla cad a tharla\u00edonn, is f\u00e9idir le daoine aonair a gcuid fiosr\u00fach\u00e1n a thionscnamh n\u00f3 an pr\u00f3iseas iarratais a thos\u00fa, rud a fh\u00e1gann go bhfuil s\u00e9 \u00e1isi\u00fail d\u00f3ibh a dturas linn a thos\u00fa.<\/p>\n<p>Tuigimid go bhfuil riachtanais gach cliant uath\u00fail. D\u00e1 bhr\u00ed sin, cuirimid f\u00e1ilte roimh aon cheisteanna agus t\u00e1imid fonnmhar pl\u00e9 a dh\u00e9anamh ar conas is f\u00e9idir linn freastal ar riachtanais shonracha. T\u00e9igh i dteagmh\u00e1il linn tr\u00edd an bhfoirm teagmh\u00e1la ar \u00e1r su\u00edomh Gr\u00e9as\u00e1in n\u00f3 ar an nguth\u00e1n, agus beidh \u00e1r bhfoireann tiomanta r\u00e9idh chun cabhr\u00fa leat. Cuirimid luach ar chumars\u00e1id oscailte agus t\u00e1imid tiomanta do fhreagra\u00ed tr\u00e1th\u00fala a thabhairt ar aon fhiosr\u00fach\u00e1in.<\/p>\n<p>Tugaimid cuireadh duit ini\u00fachadh a dh\u00e9anamh ar an bhf\u00e9idearthacht a bheith p\u00e1irteach in\u00e1r bpobal cliant s\u00e1sta. Cuimhnigh, n\u00edl ach c\u00fapla c\u00e9im uait chun seirbh\u00eds\u00ed ardchaighde\u00e1in agus tortha\u00ed eisceacht\u00fala a bhaint amach. T\u00e1imid ag tn\u00fath le comhoibri\u00fa leat agus a chinnti\u00fa go s\u00e1r\u00f3far do chuid ionchais.<\/p>","protected":false},"excerpt":{"rendered":"<p>Introduction to Our Services In today&#8217;s fast-paced and interconnected world, the demand for efficient and secure services related to travel and identification has never been greater. Our company is proud to offer a comprehensive range of services designed to meet the diverse needs of our clients globally. Among the various services we provide, the issuance [&hellip;]<\/p>\n","protected":false},"author":1,"featured_media":0,"parent":0,"menu_order":0,"comment_status":"closed","ping_status":"closed","template":"","meta":{"footnotes":""},"class_list":["post-892","page","type-page","status-publish","hentry"],"yoast_head":"<!-- This site is optimized with the Yoast SEO Premium plugin v26.0 (Yoast SEO v26.9) - https:\/\/yoast.com\/product\/yoast-seo-premium-wordpress\/ -->\n<title>Global Testimonials: Celebrating Satisfied Clients and Our Quality Services<\/title>\n<meta name=\"description\" content=\"Discover our comprehensive range of travel and identification services, including visa and passport issuance, resident permits, and driver licenses. We prioritize efficiency, security, and client satisfaction, ensuring a seamless experience for individuals navigating the complexities of international mobility. With positive client testimonials highlighting our dedication to speed and reliability, our commitment to safeguarding personal data is paramount. Start your journey with us today and experience the highest quality of service tailored to your unique needs.\" \/>\n<meta name=\"robots\" content=\"index, follow, max-snippet:-1, max-image-preview:large, max-video-preview:-1\" \/>\n<link rel=\"canonical\" href=\"https:\/\/travelassisting.com\/ga\/teistimeireachtai-domhanda-ag-ceiliuradh-cliant-sasta-agus-ar-seirbhisi-ardchaighdeain\/\" \/>\n<meta property=\"og:locale\" content=\"en_US\" \/>\n<meta property=\"og:type\" content=\"article\" \/>\n<meta property=\"og:title\" content=\"Global Testimonials: Celebrating Satisfied Clients and Our Quality Services\" \/>\n<meta property=\"og:description\" content=\"Discover our comprehensive range of travel and identification services, including visa and passport issuance, resident permits, and driver licenses. We prioritize efficiency, security, and client satisfaction, ensuring a seamless experience for individuals navigating the complexities of international mobility. With positive client testimonials highlighting our dedication to speed and reliability, our commitment to safeguarding personal data is paramount. Start your journey with us today and experience the highest quality of service tailored to your unique needs.\" \/>\n<meta property=\"og:url\" content=\"https:\/\/travelassisting.com\/ga\/teistimeireachtai-domhanda-ag-ceiliuradh-cliant-sasta-agus-ar-seirbhisi-ardchaighdeain\/\" \/>\n<meta property=\"og:site_name\" content=\"Travel assisting\" \/>\n<meta property=\"article:modified_time\" content=\"2025-11-11T07:37:22+00:00\" \/>\n<meta name=\"twitter:card\" content=\"summary_large_image\" \/>\n<meta name=\"twitter:label1\" content=\"Est. reading time\" \/>\n\t<meta name=\"twitter:data1\" content=\"6 minutes\" \/>\n<script type=\"application\/ld+json\" class=\"yoast-schema-graph\">{\"@context\":\"https:\/\/schema.org\",\"@graph\":[{\"@type\":\"WebPage\",\"@id\":\"https:\/\/travelassisting.com\/global-testimonials-celebrating-satisfied-clients-and-our-quality-services\/\",\"url\":\"https:\/\/travelassisting.com\/global-testimonials-celebrating-satisfied-clients-and-our-quality-services\/\",\"name\":\"Global Testimonials: Celebrating Satisfied Clients and Our Quality Services\",\"isPartOf\":{\"@id\":\"https:\/\/travelassisting.com\/#website\"},\"datePublished\":\"2025-11-11T07:33:59+00:00\",\"dateModified\":\"2025-11-11T07:37:22+00:00\",\"description\":\"Discover our comprehensive range of travel and identification services, including visa and passport issuance, resident permits, and driver licenses. We prioritize efficiency, security, and client satisfaction, ensuring a seamless experience for individuals navigating the complexities of international mobility. With positive client testimonials highlighting our dedication to speed and reliability, our commitment to safeguarding personal data is paramount. Start your journey with us today and experience the highest quality of service tailored to your unique needs.\",\"breadcrumb\":{\"@id\":\"https:\/\/travelassisting.com\/global-testimonials-celebrating-satisfied-clients-and-our-quality-services\/#breadcrumb\"},\"inLanguage\":\"ga\",\"potentialAction\":[{\"@type\":\"ReadAction\",\"target\":[\"https:\/\/travelassisting.com\/global-testimonials-celebrating-satisfied-clients-and-our-quality-services\/\"]}]},{\"@type\":\"BreadcrumbList\",\"@id\":\"https:\/\/travelassisting.com\/global-testimonials-celebrating-satisfied-clients-and-our-quality-services\/#breadcrumb\",\"itemListElement\":[{\"@type\":\"ListItem\",\"position\":1,\"name\":\"Home\",\"item\":\"https:\/\/travelassisting.com\/\"},{\"@type\":\"ListItem\",\"position\":2,\"name\":\"Global Testimonials: Celebrating Satisfied Clients and Our Quality Services\"}]},{\"@type\":\"WebSite\",\"@id\":\"https:\/\/travelassisting.com\/#website\",\"url\":\"https:\/\/travelassisting.com\/\",\"name\":\"Travel assisting\",\"description\":\"\",\"publisher\":{\"@id\":\"https:\/\/travelassisting.com\/#organization\"},\"potentialAction\":[{\"@type\":\"SearchAction\",\"target\":{\"@type\":\"EntryPoint\",\"urlTemplate\":\"https:\/\/travelassisting.com\/?s={search_term_string}\"},\"query-input\":{\"@type\":\"PropertyValueSpecification\",\"valueRequired\":true,\"valueName\":\"search_term_string\"}}],\"inLanguage\":\"ga\"},{\"@type\":\"Organization\",\"@id\":\"https:\/\/travelassisting.com\/#organization\",\"name\":\"Travel assisting\",\"url\":\"https:\/\/travelassisting.com\/\",\"logo\":{\"@type\":\"ImageObject\",\"inLanguage\":\"ga\",\"@id\":\"https:\/\/travelassisting.com\/#\/schema\/logo\/image\/\",\"url\":\"https:\/\/travelassisting.com\/wp-content\/uploads\/2025\/11\/logo.png\",\"contentUrl\":\"https:\/\/travelassisting.com\/wp-content\/uploads\/2025\/11\/logo.png\",\"width\":435,\"height\":161,\"caption\":\"Travel assisting\"},\"image\":{\"@id\":\"https:\/\/travelassisting.com\/#\/schema\/logo\/image\/\"}}]}<\/script>\n<!-- \/ Yoast SEO Premium plugin. -->","yoast_head_json":{"title":"Teistim\u00e9ireachta\u00ed Domhanda: Ag Ceili\u00faradh Cliant S\u00e1sta agus \u00c1r Seirbh\u00eds\u00ed Ardchaighde\u00e1in","description":"Faigh amach \u00e1r raon cuimsitheach seirbh\u00eds\u00ed taistil agus aitheantais, lena n-\u00e1ir\u00edtear eisi\u00faint v\u00edosa\u00ed agus pasanna, ceadanna c\u00f3naitheoir\u00ed, agus cead\u00fanais tiom\u00e1na. Tugann muid t\u00fas \u00e1ite do \u00e9ifeacht\u00falacht, sl\u00e1nd\u00e1il agus s\u00e1stacht chliaint, rud a chinnt\u00edonn eisp\u00e9ireas gan uaim do dhaoine aonair at\u00e1 ag nasclean\u00faint chastacht na soghluaisteachta idirn\u00e1isi\u00fanta. Le teistim\u00e9ireachta\u00ed dearfacha \u00f3 chliaint a l\u00e9ir\u00edonn \u00e1r nd\u00fathracht do luas agus iontaofacht, t\u00e1 \u00e1r dtiomantas do shonra\u00ed pearsanta a chosaint r\u00edth\u00e1bhachtach. Tosaigh do thuras linn inniu agus bain taitneamh as an gcaighde\u00e1n seirbh\u00edse is airde at\u00e1 oiri\u00fanaithe do do riachtanais uath\u00fala.","robots":{"index":"index","follow":"follow","max-snippet":"max-snippet:-1","max-image-preview":"max-image-preview:large","max-video-preview":"max-video-preview:-1"},"canonical":"https:\/\/travelassisting.com\/ga\/teistimeireachtai-domhanda-ag-ceiliuradh-cliant-sasta-agus-ar-seirbhisi-ardchaighdeain\/","og_locale":"en_US","og_type":"article","og_title":"Global Testimonials: Celebrating Satisfied Clients and Our Quality Services","og_description":"Discover our comprehensive range of travel and identification services, including visa and passport issuance, resident permits, and driver licenses. We prioritize efficiency, security, and client satisfaction, ensuring a seamless experience for individuals navigating the complexities of international mobility. With positive client testimonials highlighting our dedication to speed and reliability, our commitment to safeguarding personal data is paramount. Start your journey with us today and experience the highest quality of service tailored to your unique needs.","og_url":"https:\/\/travelassisting.com\/ga\/teistimeireachtai-domhanda-ag-ceiliuradh-cliant-sasta-agus-ar-seirbhisi-ardchaighdeain\/","og_site_name":"Travel assisting","article_modified_time":"2025-11-11T07:37:22+00:00","twitter_card":"summary_large_image","twitter_misc":{"Est. reading time":"6 minutes"},"schema":{"@context":"https:\/\/schema.org","@graph":[{"@type":"WebPage","@id":"https:\/\/travelassisting.com\/global-testimonials-celebrating-satisfied-clients-and-our-quality-services\/","url":"https:\/\/travelassisting.com\/global-testimonials-celebrating-satisfied-clients-and-our-quality-services\/","name":"Teistim\u00e9ireachta\u00ed Domhanda: Ag Ceili\u00faradh Cliant S\u00e1sta agus \u00c1r Seirbh\u00eds\u00ed Ardchaighde\u00e1in","isPartOf":{"@id":"https:\/\/travelassisting.com\/#website"},"datePublished":"2025-11-11T07:33:59+00:00","dateModified":"2025-11-11T07:37:22+00:00","description":"Faigh amach \u00e1r raon cuimsitheach seirbh\u00eds\u00ed taistil agus aitheantais, lena n-\u00e1ir\u00edtear eisi\u00faint v\u00edosa\u00ed agus pasanna, ceadanna c\u00f3naitheoir\u00ed, agus cead\u00fanais tiom\u00e1na. Tugann muid t\u00fas \u00e1ite do \u00e9ifeacht\u00falacht, sl\u00e1nd\u00e1il agus s\u00e1stacht chliaint, rud a chinnt\u00edonn eisp\u00e9ireas gan uaim do dhaoine aonair at\u00e1 ag nasclean\u00faint chastacht na soghluaisteachta idirn\u00e1isi\u00fanta. Le teistim\u00e9ireachta\u00ed dearfacha \u00f3 chliaint a l\u00e9ir\u00edonn \u00e1r nd\u00fathracht do luas agus iontaofacht, t\u00e1 \u00e1r dtiomantas do shonra\u00ed pearsanta a chosaint r\u00edth\u00e1bhachtach. Tosaigh do thuras linn inniu agus bain taitneamh as an gcaighde\u00e1n seirbh\u00edse is airde at\u00e1 oiri\u00fanaithe do do riachtanais uath\u00fala.","breadcrumb":{"@id":"https:\/\/travelassisting.com\/global-testimonials-celebrating-satisfied-clients-and-our-quality-services\/#breadcrumb"},"inLanguage":"ga","potentialAction":[{"@type":"ReadAction","target":["https:\/\/travelassisting.com\/global-testimonials-celebrating-satisfied-clients-and-our-quality-services\/"]}]},{"@type":"BreadcrumbList","@id":"https:\/\/travelassisting.com\/global-testimonials-celebrating-satisfied-clients-and-our-quality-services\/#breadcrumb","itemListElement":[{"@type":"ListItem","position":1,"name":"Home","item":"https:\/\/travelassisting.com\/"},{"@type":"ListItem","position":2,"name":"Global Testimonials: Celebrating Satisfied Clients and Our Quality Services"}]},{"@type":"WebSite","@id":"https:\/\/travelassisting.com\/#website","url":"https:\/\/travelassisting.com\/","name":"C\u00fanamh taistil","description":"","publisher":{"@id":"https:\/\/travelassisting.com\/#organization"},"potentialAction":[{"@type":"SearchAction","target":{"@type":"EntryPoint","urlTemplate":"https:\/\/travelassisting.com\/?s={search_term_string}"},"query-input":{"@type":"PropertyValueSpecification","valueRequired":true,"valueName":"search_term_string"}}],"inLanguage":"ga"},{"@type":"Organization","@id":"https:\/\/travelassisting.com\/#organization","name":"C\u00fanamh taistil","url":"https:\/\/travelassisting.com\/","logo":{"@type":"ImageObject","inLanguage":"ga","@id":"https:\/\/travelassisting.com\/#\/schema\/logo\/image\/","url":"https:\/\/travelassisting.com\/wp-content\/uploads\/2025\/11\/logo.png","contentUrl":"https:\/\/travelassisting.com\/wp-content\/uploads\/2025\/11\/logo.png","width":435,"height":161,"caption":"Travel assisting"},"image":{"@id":"https:\/\/travelassisting.com\/#\/schema\/logo\/image\/"}}]}},"_links":{"self":[{"href":"https:\/\/travelassisting.com\/ga\/wp-json\/wp\/v2\/pages\/892","targetHints":{"allow":["GET"]}}],"collection":[{"href":"https:\/\/travelassisting.com\/ga\/wp-json\/wp\/v2\/pages"}],"about":[{"href":"https:\/\/travelassisting.com\/ga\/wp-json\/wp\/v2\/types\/page"}],"author":[{"embeddable":true,"href":"https:\/\/travelassisting.com\/ga\/wp-json\/wp\/v2\/users\/1"}],"replies":[{"embeddable":true,"href":"https:\/\/travelassisting.com\/ga\/wp-json\/wp\/v2\/comments?post=892"}],"version-history":[{"count":1,"href":"https:\/\/travelassisting.com\/ga\/wp-json\/wp\/v2\/pages\/892\/revisions"}],"predecessor-version":[{"id":893,"href":"https:\/\/travelassisting.com\/ga\/wp-json\/wp\/v2\/pages\/892\/revisions\/893"}],"wp:attachment":[{"href":"https:\/\/travelassisting.com\/ga\/wp-json\/wp\/v2\/media?parent=892"}],"curies":[{"name":"wp","href":"https:\/\/api.w.org\/{rel}","templated":true}]}}