{"id":892,"date":"2025-11-11T07:33:59","date_gmt":"2025-11-11T07:33:59","guid":{"rendered":"https:\/\/travelassisting.com\/global-testimonials-celebrating-satisfied-clients-and-our-quality-services\/"},"modified":"2025-11-11T07:37:22","modified_gmt":"2025-11-11T07:37:22","slug":"rahulolevate-klientide-ja-meie-kvaliteetsete-teenuste-tunnustamine-ulemaailmselt","status":"publish","type":"page","link":"https:\/\/travelassisting.com\/et\/rahulolevate-klientide-ja-meie-kvaliteetsete-teenuste-tunnustamine-ulemaailmselt\/","title":{"rendered":"\u00dclemaailmsed iseloomustused: rahulolevate klientide ja meie kvaliteetsete teenuste t\u00e4histamine"},"content":{"rendered":"<h2>Meie teenuste tutvustus<\/h2>\n<p>T\u00e4nap\u00e4eva kiire tempoga ja omavahel \u00fchendatud maailmas on n\u00f5udlus t\u00f5husate ja turvaliste reisimise ja identifitseerimisega seotud teenuste j\u00e4rele suurem kui kunagi varem. Meie ettev\u00f5te on uhke, et pakub laia valikut teenuseid, mis on loodud vastama meie klientide mitmekesistele vajadustele kogu maailmas. Meie pakutavate teenuste hulgast paistab silma viisade, passide, elamislubade ja juhilubade v\u00e4ljastamine kui lahutamatu osa, mis h\u00f5lbustab rahvusvahelist liikuvust ja elamisloa saamist.<\/p>\n<p>Nende oluliste dokumentide hankimise protsess v\u00f5ib sageli olla keeruline, eriti kiiresti muutuvas globaalses keskkonnas. Meie kiired ja turvalised veebiteenused k\u00f5rvaldavad suure osa sellest vaevast, v\u00f5imaldades klientidel taotlusprotsessides h\u00f5lpsalt orienteeruda. Olenemata sellest, kas asute \u00e4rireisile, otsite uusi v\u00f5imalusi v\u00e4lismaal v\u00f5i vajate lihtsalt isikut t\u00f5endavat dokumenti igap\u00e4evasteks toiminguteks, on meie pakkumised kohandatud iga kliendi kogemuse sujuvamaks muutmiseks.<\/p>\n<p>Viisad on \u00fcliolulised reisijatele, kes soovivad uusi riike avastada, v\u00f5imaldades neil siseneda vastavalt oma k\u00fclastuse eesm\u00e4rgile. Samamoodi on pass isikut ja kodakondsust t\u00f5endav dokument, mis on h\u00e4davajalik iga rahvusvahelise reisi puhul. Meie teenus garanteerib, et kliendid saavad need olulised reisidokumendid kiiresti k\u00e4tte, et oma reise ilma tarbetute viivitusteta planeerida.<\/p>\n<p>Lisaks viisadele ja passidele keskendume ka elamislubadele isikutele, kes soovivad luua pikaajalise elukoha v\u00e4lisriigis. See teenus vastab elukohaga seotud juriidilistele n\u00f5uetele, pakkudes klientidele meelerahu uude keskkonda \u00fcleminekul. Lisaks pakume juhilubade v\u00e4ljastamist neile, kes vajavad ametlikku isikut t\u00f5endavat dokumenti siseriiklikeks reisideks ja igap\u00e4evasteks toiminguteks.<\/p>\n<p>J\u00e4tkuvalt kasvades ja oma klientide muutuvate vajadustega kohanedes oleme j\u00e4tkuvalt p\u00fchendunud kvaliteetsete teenuste pakkumisele, mis annavad inimestele kogu maailmas v\u00f5imaluse. L\u00e4bi oma p\u00fchendumuse tipptasemele p\u00fc\u00fcame parandada oma klientide kogemusi ja tagada, et neil oleksid vajalikud t\u00f6\u00f6riistad edukaks navigeerimiseks globaliseerunud maailmas.<\/p>\n<h2>Klientide iseloomustused \u00fcle maailma<\/h2>\n<p>Klientide iseloomustused on teenuse kvaliteedi v\u00f5imsad n\u00e4itajad, mis n\u00e4itavad klientide rahulolu ja usaldust ettev\u00f5tte pakkumiste vastu. Meie organisatsioon on teinud koost\u00f6\u00f6d paljude klientidega \u00fcle kogu maailma ja iga\u00fcks neist pakub ainulaadset \u00fclevaadet nende kogemustest meie teenustega. Allpool esitame valiku rahulolevate klientide iseloomustusi, mis toovad esile nende vaatenurga meie p\u00fchendumusele kiirusele, turvalisusele ja usaldusv\u00e4\u00e4rsusele.<\/p>\n<p>Londoni sagivatest t\u00e4navatest kuni Tokyo elavate turgudeni on kliendid pidevalt kiitnud meie v\u00f5imet pakkuda kiireid ja t\u00f5husaid teenuseid. Paljud tagasisided r\u00f5hutavad meie kiiret reageerimisaega, mis v\u00f5imaldab ettev\u00f5tetel sujuvalt tegutseda isegi k\u00f5ige keerulisemates oludes. \u00dcks Kanada klient m\u00e4rkis: \u201cKiirus, millega nad meie kiireloomulise taotluse menetlesid, oli muljetavaldav ja see on oluliselt suurendanud meie tegevuse t\u00f5husust.\u201d Selline tagasiside r\u00f5hutab meie vankumatut p\u00fchendumust tagada, et meie klientide vajadused rahuldatakse kiiresti ja p\u00e4devalt.<\/p>\n<p>Turvalisuse osas on erinevate sektorite kliendid kiitnud meie tugevaid turvameetmeid, mis kaitsevad nende tundlikku teavet. \u00dcks Saksamaa tehnoloogiaettev\u00f5te teatas: \u201cMeie kogetud turvalisuse tase oli v\u00f5rratu, andes meile kindlustunde oma andmeid kartmatult hallata.\u201d See kinnitus n\u00e4itab meie p\u00fchendumust pakkuda mitte ainult usaldusv\u00e4\u00e4rseid, vaid ka turvalisi teenuseid, millele kliendid saavad loota.<\/p>\n<p>L\u00f5puks on meie teenuste usaldusv\u00e4\u00e4rsus klientide tagasisides korduvaks teemaks saanud. \u00dcks mittetulundus\u00fching Austraalias jagas: \u201cOleme nende teenuseid ikka ja j\u00e4lle usaldanud ja nad pole meid kunagi alt vedanud.\u201d See tunne peegeldab p\u00fcsivat usaldust, mille oleme loonud j\u00e4rjepideva teenuste osutamise kaudu, mis on t\u00e4nap\u00e4eva konkurentsitihedas keskkonnas klientide ligimeelitamisel ja hoidmisel \u00fclioluline tegur. Need iseloomustused illustreerivad meie globaalset ulatust ja p\u00fchendumust tipptasemele, olles tunnistuseks suhetest, mida oleme loonud oma klientidega kogu maailmas.<\/p>\n<h2>Usalduse ja turvalisuse olulisus meie teenustes<\/h2>\n<p>Veebiteenuste valdkonnas, eriti tundlike dokumentidega (nt viisad ja passid) seotud teenuste puhul, on usalduse ja turvalisuse loomine \u00fclioluline. Kliendid usaldavad meile oma isikuandmed ja meie kohustus on tagada, et see teave oleks iga hinna eest kaitstud. Rakendame meetmeid tugevate turvaprotokollide tagamiseks, sealhulgas andmete kr\u00fcptimine, turvaline serveriinfrastruktuur ja regulaarsed auditid meie turvas\u00fcsteemide j\u00e4lgimiseks ja t\u00e4iustamiseks. See vankumatu p\u00fchendumus kliendiandmete kaitsmisele loob usaldusliku keskkonna, mis v\u00f5imaldab meie klientidel end kogu dokumenteerimisprotsessi v\u00e4ltel turvaliselt tunda.<\/p>\n<p>Kliendirahulolu on lahutamatult seotud nende andmete tajutava turvalisusega. Kui inimesed otsustavad oma isikuandmeid puudutavate teenustega suhelda, soovivad nad kindlust, et nende andmeid k\u00e4sitletakse \u00e4\u00e4rmise hoolikuse ja konfidentsiaalsusega. Turvalisuse esikohale seadmisega oma tegevuses ei lahenda me mitte ainult klientide \u00f5igustatud muresid, vaid parandame ka nende \u00fcldist kogemust meie pakkumistega. Kui kliendid teavad, et nende andmeid k\u00e4sitletakse turvaliselt, suureneb nende usaldus meie teenuste vastu, mis omakorda viib suurema rahulolu ja positiivse tagasisideni.<\/p>\n<p>Usalduse ja turvalisuse m\u00f5ju meie mainele on raske \u00fcle hinnata. Rahulolevad kliendid jagavad sageli oma positiivseid kogemusi iseloomustuste kaudu, suurendades seel\u00e4bi meie usaldusv\u00e4\u00e4rsust konkurentsitihedal turul. M\u00e4rkimisv\u00e4\u00e4rne hulk varasemaid kliente on kinnitanud, kuidas meie t\u00e4helepanu andmeturbele on otseselt m\u00f5jutanud nende otsust meie teenuseid kasutada. Nende iseloomustused r\u00f5hutavad mitte ainult meie p\u00fchendumust kvaliteedile, vaid ka mugavust, mida nad tundsid, teades, et nende tundlik teave on kindlates k\u00e4tes. Usalduse ja turvalisuse kultuuri edendamisega loome aluse p\u00fcsivatele suhetele oma klientidega, mille tulemuseks on lojaalsed kliendid ja kindel maine selles valdkonnas.<\/p>\n<h2>Kokkuv\u00f5te ja kuidas alustada<\/h2>\n<p>Kokkuv\u00f5tteks v\u00f5ib \u00f6elda, et meie rahulolevate klientide iseloomustused r\u00f5hutavad meie p\u00fchendumust kvaliteetsete teenuste pakkumisele, mis vastavad mitmekesistele vajadustele. Positiivne tagasiside r\u00f5hutab meie l\u00e4henemisviisi t\u00f5husust, mille eesm\u00e4rk on tagada igale kliendile personaalne t\u00e4helepanu ja sujuv kogemus. Oleme pidevalt saanud kiitust oma professionaalsuse, reageerimisv\u00f5ime ja asjatundlikkuse eest, mis on viinud pikaajaliste klientidega suheteni.<\/p>\n<p>Neile, kes kaaluvad meie professionaalsete teenuste kasutamist, on protsessi alustamine lihtne ja kasutajas\u00f5bralik. Oleme loonud veebiplatvormi, mis v\u00f5imaldab potentsiaalsetel klientidel h\u00f5lpsalt juurde p\u00e4\u00e4seda teabele meie pakkumiste kohta. See h\u00f5lmab teenuste kirjeldusi, hindu ja korduma kippuvaid k\u00fcsimusi, et h\u00f5lbustada teadliku otsuse langetamist. Vaid m\u00f5ne kl\u00f5psuga saavad inimesed esitada oma p\u00e4ringuid v\u00f5i alustada kandideerimisprotsessi, muutes oma teekonna alustamise meiega mugavaks.<\/p>\n<p>Me m\u00f5istame, et iga kliendi vajadused on ainulaadsed. Seet\u00f5ttu oleme teretulnud vastama k\u00f5igile k\u00fcsimustele ja arutama meelsasti, kuidas saaksime teie konkreetseid vajadusi rahuldada. V\u00f5tke meiega \u00fchendust meie veebisaidi kontaktvormi v\u00f5i telefoni teel ja meie p\u00fchendunud meeskond on valmis teid aitama. Me v\u00e4\u00e4rtustame avatud suhtlust ja oleme p\u00fchendunud k\u00f5igile p\u00e4ringutele \u00f5igeaegsete vastuste andmisele.<\/p>\n<p>Kutsume teid uurima v\u00f5imalust liituda meie rahulolevate klientide kogukonnaga. Pidage meeles, et teie teekond kvaliteetsete teenuste ja erakordsete tulemuste poole on vaid m\u00f5ne sammu kaugusel. Ootame teiega koost\u00f6\u00f6d ja tagame, et teie ootused \u00fcletatakse.<\/p>","protected":false},"excerpt":{"rendered":"<p>Introduction to Our Services In today&#8217;s fast-paced and interconnected world, the demand for efficient and secure services related to travel and identification has never been greater. Our company is proud to offer a comprehensive range of services designed to meet the diverse needs of our clients globally. Among the various services we provide, the issuance [&hellip;]<\/p>\n","protected":false},"author":1,"featured_media":0,"parent":0,"menu_order":0,"comment_status":"closed","ping_status":"closed","template":"","meta":{"footnotes":""},"class_list":["post-892","page","type-page","status-publish","hentry"],"yoast_head":"<!-- This site is optimized with the Yoast SEO Premium plugin v26.0 (Yoast SEO v26.9) - https:\/\/yoast.com\/product\/yoast-seo-premium-wordpress\/ -->\n<title>Global Testimonials: Celebrating Satisfied Clients and Our Quality Services<\/title>\n<meta name=\"description\" content=\"Discover our comprehensive range of travel and identification services, including visa and passport issuance, resident permits, and driver licenses. We prioritize efficiency, security, and client satisfaction, ensuring a seamless experience for individuals navigating the complexities of international mobility. With positive client testimonials highlighting our dedication to speed and reliability, our commitment to safeguarding personal data is paramount. Start your journey with us today and experience the highest quality of service tailored to your unique needs.\" \/>\n<meta name=\"robots\" content=\"index, follow, max-snippet:-1, max-image-preview:large, max-video-preview:-1\" \/>\n<link rel=\"canonical\" href=\"https:\/\/travelassisting.com\/et\/rahulolevate-klientide-ja-meie-kvaliteetsete-teenuste-tunnustamine-ulemaailmselt\/\" \/>\n<meta property=\"og:locale\" content=\"et_EE\" \/>\n<meta property=\"og:type\" content=\"article\" \/>\n<meta property=\"og:title\" content=\"Global Testimonials: Celebrating Satisfied Clients and Our Quality Services\" \/>\n<meta property=\"og:description\" content=\"Discover our comprehensive range of travel and identification services, including visa and passport issuance, resident permits, and driver licenses. We prioritize efficiency, security, and client satisfaction, ensuring a seamless experience for individuals navigating the complexities of international mobility. With positive client testimonials highlighting our dedication to speed and reliability, our commitment to safeguarding personal data is paramount. Start your journey with us today and experience the highest quality of service tailored to your unique needs.\" \/>\n<meta property=\"og:url\" content=\"https:\/\/travelassisting.com\/et\/rahulolevate-klientide-ja-meie-kvaliteetsete-teenuste-tunnustamine-ulemaailmselt\/\" \/>\n<meta property=\"og:site_name\" content=\"Travel assisting\" \/>\n<meta property=\"article:modified_time\" content=\"2025-11-11T07:37:22+00:00\" \/>\n<meta name=\"twitter:card\" content=\"summary_large_image\" \/>\n<meta name=\"twitter:label1\" content=\"Est. reading time\" \/>\n\t<meta name=\"twitter:data1\" content=\"6 minutit\" \/>\n<script type=\"application\/ld+json\" class=\"yoast-schema-graph\">{\"@context\":\"https:\/\/schema.org\",\"@graph\":[{\"@type\":\"WebPage\",\"@id\":\"https:\/\/travelassisting.com\/global-testimonials-celebrating-satisfied-clients-and-our-quality-services\/\",\"url\":\"https:\/\/travelassisting.com\/global-testimonials-celebrating-satisfied-clients-and-our-quality-services\/\",\"name\":\"Global Testimonials: Celebrating Satisfied Clients and Our Quality Services\",\"isPartOf\":{\"@id\":\"https:\/\/travelassisting.com\/#website\"},\"datePublished\":\"2025-11-11T07:33:59+00:00\",\"dateModified\":\"2025-11-11T07:37:22+00:00\",\"description\":\"Discover our comprehensive range of travel and identification services, including visa and passport issuance, resident permits, and driver licenses. We prioritize efficiency, security, and client satisfaction, ensuring a seamless experience for individuals navigating the complexities of international mobility. With positive client testimonials highlighting our dedication to speed and reliability, our commitment to safeguarding personal data is paramount. Start your journey with us today and experience the highest quality of service tailored to your unique needs.\",\"breadcrumb\":{\"@id\":\"https:\/\/travelassisting.com\/global-testimonials-celebrating-satisfied-clients-and-our-quality-services\/#breadcrumb\"},\"inLanguage\":\"et\",\"potentialAction\":[{\"@type\":\"ReadAction\",\"target\":[\"https:\/\/travelassisting.com\/global-testimonials-celebrating-satisfied-clients-and-our-quality-services\/\"]}]},{\"@type\":\"BreadcrumbList\",\"@id\":\"https:\/\/travelassisting.com\/global-testimonials-celebrating-satisfied-clients-and-our-quality-services\/#breadcrumb\",\"itemListElement\":[{\"@type\":\"ListItem\",\"position\":1,\"name\":\"Home\",\"item\":\"https:\/\/travelassisting.com\/\"},{\"@type\":\"ListItem\",\"position\":2,\"name\":\"Global Testimonials: Celebrating Satisfied Clients and Our Quality Services\"}]},{\"@type\":\"WebSite\",\"@id\":\"https:\/\/travelassisting.com\/#website\",\"url\":\"https:\/\/travelassisting.com\/\",\"name\":\"Travel assisting\",\"description\":\"\",\"publisher\":{\"@id\":\"https:\/\/travelassisting.com\/#organization\"},\"potentialAction\":[{\"@type\":\"SearchAction\",\"target\":{\"@type\":\"EntryPoint\",\"urlTemplate\":\"https:\/\/travelassisting.com\/?s={search_term_string}\"},\"query-input\":{\"@type\":\"PropertyValueSpecification\",\"valueRequired\":true,\"valueName\":\"search_term_string\"}}],\"inLanguage\":\"et\"},{\"@type\":\"Organization\",\"@id\":\"https:\/\/travelassisting.com\/#organization\",\"name\":\"Travel assisting\",\"url\":\"https:\/\/travelassisting.com\/\",\"logo\":{\"@type\":\"ImageObject\",\"inLanguage\":\"et\",\"@id\":\"https:\/\/travelassisting.com\/#\/schema\/logo\/image\/\",\"url\":\"https:\/\/travelassisting.com\/wp-content\/uploads\/2025\/11\/logo.png\",\"contentUrl\":\"https:\/\/travelassisting.com\/wp-content\/uploads\/2025\/11\/logo.png\",\"width\":435,\"height\":161,\"caption\":\"Travel assisting\"},\"image\":{\"@id\":\"https:\/\/travelassisting.com\/#\/schema\/logo\/image\/\"}}]}<\/script>\n<!-- \/ Yoast SEO Premium plugin. -->","yoast_head_json":{"title":"\u00dclemaailmsed iseloomustused: rahulolevate klientide ja meie kvaliteetsete teenuste t\u00e4histamine","description":"Avastage meie laia valikut reisimis- ja isikutuvastusteenuseid, sealhulgas viisade ja passide v\u00e4ljastamist, elamislubade ja juhilubade v\u00e4ljastamist. Meie prioriteediks on t\u00f5husus, turvalisus ja klientide rahulolu, tagades inimestele sujuva kogemuse rahvusvahelise mobiilsuse keerukustes navigeerimisel. Positiivsed klientide iseloomustused r\u00f5hutavad meie p\u00fchendumust kiirusele ja usaldusv\u00e4\u00e4rsusele ning meie p\u00fchendumus isikuandmete kaitsmisele on esmat\u00e4htis. Alustage oma teekonda meiega juba t\u00e4na ja kogege k\u00f5rgeima kvaliteediga teenust, mis on kohandatud teie ainulaadsetele vajadustele.","robots":{"index":"index","follow":"follow","max-snippet":"max-snippet:-1","max-image-preview":"max-image-preview:large","max-video-preview":"max-video-preview:-1"},"canonical":"https:\/\/travelassisting.com\/et\/rahulolevate-klientide-ja-meie-kvaliteetsete-teenuste-tunnustamine-ulemaailmselt\/","og_locale":"et_EE","og_type":"article","og_title":"Global Testimonials: Celebrating Satisfied Clients and Our Quality Services","og_description":"Discover our comprehensive range of travel and identification services, including visa and passport issuance, resident permits, and driver licenses. We prioritize efficiency, security, and client satisfaction, ensuring a seamless experience for individuals navigating the complexities of international mobility. With positive client testimonials highlighting our dedication to speed and reliability, our commitment to safeguarding personal data is paramount. Start your journey with us today and experience the highest quality of service tailored to your unique needs.","og_url":"https:\/\/travelassisting.com\/et\/rahulolevate-klientide-ja-meie-kvaliteetsete-teenuste-tunnustamine-ulemaailmselt\/","og_site_name":"Travel assisting","article_modified_time":"2025-11-11T07:37:22+00:00","twitter_card":"summary_large_image","twitter_misc":{"Est. reading time":"6 minutit"},"schema":{"@context":"https:\/\/schema.org","@graph":[{"@type":"WebPage","@id":"https:\/\/travelassisting.com\/global-testimonials-celebrating-satisfied-clients-and-our-quality-services\/","url":"https:\/\/travelassisting.com\/global-testimonials-celebrating-satisfied-clients-and-our-quality-services\/","name":"\u00dclemaailmsed iseloomustused: rahulolevate klientide ja meie kvaliteetsete teenuste t\u00e4histamine","isPartOf":{"@id":"https:\/\/travelassisting.com\/#website"},"datePublished":"2025-11-11T07:33:59+00:00","dateModified":"2025-11-11T07:37:22+00:00","description":"Avastage meie laia valikut reisimis- ja isikutuvastusteenuseid, sealhulgas viisade ja passide v\u00e4ljastamist, elamislubade ja juhilubade v\u00e4ljastamist. Meie prioriteediks on t\u00f5husus, turvalisus ja klientide rahulolu, tagades inimestele sujuva kogemuse rahvusvahelise mobiilsuse keerukustes navigeerimisel. Positiivsed klientide iseloomustused r\u00f5hutavad meie p\u00fchendumust kiirusele ja usaldusv\u00e4\u00e4rsusele ning meie p\u00fchendumus isikuandmete kaitsmisele on esmat\u00e4htis. Alustage oma teekonda meiega juba t\u00e4na ja kogege k\u00f5rgeima kvaliteediga teenust, mis on kohandatud teie ainulaadsetele vajadustele.","breadcrumb":{"@id":"https:\/\/travelassisting.com\/global-testimonials-celebrating-satisfied-clients-and-our-quality-services\/#breadcrumb"},"inLanguage":"et","potentialAction":[{"@type":"ReadAction","target":["https:\/\/travelassisting.com\/global-testimonials-celebrating-satisfied-clients-and-our-quality-services\/"]}]},{"@type":"BreadcrumbList","@id":"https:\/\/travelassisting.com\/global-testimonials-celebrating-satisfied-clients-and-our-quality-services\/#breadcrumb","itemListElement":[{"@type":"ListItem","position":1,"name":"Home","item":"https:\/\/travelassisting.com\/"},{"@type":"ListItem","position":2,"name":"Global Testimonials: Celebrating Satisfied Clients and Our Quality Services"}]},{"@type":"WebSite","@id":"https:\/\/travelassisting.com\/#website","url":"https:\/\/travelassisting.com\/","name":"Reisiabi","description":"","publisher":{"@id":"https:\/\/travelassisting.com\/#organization"},"potentialAction":[{"@type":"SearchAction","target":{"@type":"EntryPoint","urlTemplate":"https:\/\/travelassisting.com\/?s={search_term_string}"},"query-input":{"@type":"PropertyValueSpecification","valueRequired":true,"valueName":"search_term_string"}}],"inLanguage":"et"},{"@type":"Organization","@id":"https:\/\/travelassisting.com\/#organization","name":"Reisiabi","url":"https:\/\/travelassisting.com\/","logo":{"@type":"ImageObject","inLanguage":"et","@id":"https:\/\/travelassisting.com\/#\/schema\/logo\/image\/","url":"https:\/\/travelassisting.com\/wp-content\/uploads\/2025\/11\/logo.png","contentUrl":"https:\/\/travelassisting.com\/wp-content\/uploads\/2025\/11\/logo.png","width":435,"height":161,"caption":"Travel assisting"},"image":{"@id":"https:\/\/travelassisting.com\/#\/schema\/logo\/image\/"}}]}},"_links":{"self":[{"href":"https:\/\/travelassisting.com\/et\/wp-json\/wp\/v2\/pages\/892","targetHints":{"allow":["GET"]}}],"collection":[{"href":"https:\/\/travelassisting.com\/et\/wp-json\/wp\/v2\/pages"}],"about":[{"href":"https:\/\/travelassisting.com\/et\/wp-json\/wp\/v2\/types\/page"}],"author":[{"embeddable":true,"href":"https:\/\/travelassisting.com\/et\/wp-json\/wp\/v2\/users\/1"}],"replies":[{"embeddable":true,"href":"https:\/\/travelassisting.com\/et\/wp-json\/wp\/v2\/comments?post=892"}],"version-history":[{"count":1,"href":"https:\/\/travelassisting.com\/et\/wp-json\/wp\/v2\/pages\/892\/revisions"}],"predecessor-version":[{"id":893,"href":"https:\/\/travelassisting.com\/et\/wp-json\/wp\/v2\/pages\/892\/revisions\/893"}],"wp:attachment":[{"href":"https:\/\/travelassisting.com\/et\/wp-json\/wp\/v2\/media?parent=892"}],"curies":[{"name":"t\u00f6\u00f6leht","href":"https:\/\/api.w.org\/{rel}","templated":true}]}}