{"id":494,"date":"2025-10-18T00:17:46","date_gmt":"2025-10-18T00:17:46","guid":{"rendered":"https:\/\/travelassisting.com\/?post_type=product&#038;p=494"},"modified":"2025-11-10T14:10:46","modified_gmt":"2025-11-10T14:10:46","slug":"ziskejte-ridicsky-prukaz-na-kypru-online","status":"publish","type":"product","link":"https:\/\/travelassisting.com\/cs\/product\/ziskejte-ridicsky-prukaz-na-kypru-online\/","title":{"rendered":"Z\u00edskejte \u0159idi\u010dsk\u00fd pr\u016fkaz na Kypru online"},"content":{"rendered":"<h2>Why Choose a Cyprus Driver&#8217;s License?<\/h2>\n<p>Driving in Cyprus offers unparalleled convenience, whether you&#8217;re a local resident or an international traveler. Obtaining a Cyprus driver&#8217;s license is your passport to hassle-free mobility, allowing you to navigate the country&#8217;s beautiful landscapes with confidence and ease. This permit not only enhances your freedom while traveling but also serves as an essential identification document that reflects your responsible driving credentials in this iconic destination.<\/p>\n<h2>Benefits of Getting Your Cyprus Driver&#8217;s License Online<\/h2>\n<p>Choosing to acquire your Cyprus driver&#8217;s license online comes with several benefits. First and foremost, it&#8217;s a faster and more convenient solution compared to traditional methods. You save time by skipping lengthy queues and paperwork, enabling you to focus on what matters most\u2014planning your travels or daily commute. Additionally, our secure online process ensures that your sensitive data is protected, providing peace of mind when making your application. Whether for personal or professional purposes, possessing this license ensures legal compliance and effortless navigation across Cyprus.<\/p>\n<h2>Fast and Secure Processing with Us<\/h2>\n<p>We understand the urgency and importance of obtaining a valid driver&#8217;s license. That&#8217;s why our platform specializes in delivering authentic Cyprus driver&#8217;s licenses in a fast and reliable manner. Our user-friendly application process is designed for simplicity, enabling you to complete your request in just a few steps. With rigorous authentication standards and advanced data encryption, we prioritize your security and confidentiality above all else. From start to finish, our streamlined approach ensures you receive your permit promptly and worry-free.<\/p>\n<h2>Why You Need This Permit<\/h2>\n<p>Whether you&#8217;re planning a long-term stay or temporary visit, having a Cyprus driver&#8217;s license is essential. It allows you to drive legally in Cyprus and ensures adherence to local regulations. Owning this permit not only saves you from potential legal complications but also enriches your experience, making every journey convenient and enjoyable. When you obtain your Cyprus driver&#8217;s license online through our website, you&#8217;re making the smart choice for quality, speed, and security. Don\u2019t wait\u2014take the first step toward safe, reliable driving today!<\/p>\n<p>&nbsp;<\/p>\n<h2><strong>\ud83d\ude97 Driver\u2019s License Services<\/strong><\/h2>\n<ol>\n<li><strong> Legal Driver\u2019s License Guarantee<\/strong><\/li>\n<\/ol>\n<p>Our driver\u2019s license service follows legitimate verification and registration procedures to ensure your license is <strong>authentic and recognized<\/strong>. Start with a <strong>20% deposit<\/strong>, and pay the balance <strong>once your license is successfully issued<\/strong>. We combine professional service with transparency, so you gain confidence before hitting the road.<\/p>\n<p><strong>Contact our support team<\/strong> now for complete procedure. they will also show you <strong>live testimonies<\/strong> from successful clients<strong>, live videos of already processed documents<\/strong> and proves of delivery to clients.<\/p>\n<style id=\"wpforms-css-vars-674\">\n\t\t\t\t#wpforms-674 {\n\t\t\t\t--wpforms-field-size-input-height: 43px;\n--wpforms-field-size-input-spacing: 15px;\n--wpforms-field-size-font-size: 16px;\n--wpforms-field-size-line-height: 19px;\n--wpforms-field-size-padding-h: 14px;\n--wpforms-field-size-checkbox-size: 16px;\n--wpforms-field-size-sublabel-spacing: 5px;\n--wpforms-field-size-icon-size: 1;\n--wpforms-label-size-font-size: 16px;\n--wpforms-label-size-line-height: 19px;\n--wpforms-label-size-sublabel-font-size: 14px;\n--wpforms-label-size-sublabel-line-height: 17px;\n--wpforms-button-size-font-size: 17px;\n--wpforms-button-size-height: 41px;\n--wpforms-button-size-padding-h: 15px;\n--wpforms-button-size-margin-top: 10px;\n--wpforms-container-shadow-size-box-shadow: none;\n\n\t\t\t}\n\t\t\t<\/style><div class=\"wpforms-container wpforms-container-full wpforms-render-modern\" id=\"wpforms-674\"><form id=\"wpforms-form-674\" class=\"wpforms-validate wpforms-form wpforms-ajax-form\" data-formid=\"674\" method=\"post\" enctype=\"multipart\/form-data\" action=\"\/cs\/wp-json\/wp\/v2\/product\/494\" data-token=\"59af486097bae338c4754a7914004293\" data-token-time=\"1775242518\"><noscript class=\"wpforms-error-noscript\">Please enable JavaScript in your browser to complete this form.<\/noscript><div id=\"wpforms-error-noscript\" style=\"display: none;\">Please enable JavaScript in your browser to complete this form.<\/div><div class=\"wpforms-field-container\"><div id=\"wpforms-674-field_1-container\" class=\"wpforms-field wpforms-field-name\" data-field-id=\"1\"><label class=\"wpforms-field-label\" for=\"wpforms-674-field_1\">Name <span class=\"wpforms-required-label\" aria-hidden=\"true\">*<\/span><\/label><input type=\"text\" id=\"wpforms-674-field_1\" class=\"wpforms-field-medium wpforms-field-required\" name=\"wpforms[fields][1]\" aria-errormessage=\"wpforms-674-field_1-error\" required><\/div>\t\t<div id=\"wpforms-674-field_5-container\"\n\t\t\tclass=\"wpforms-field wpforms-field-text\"\n\t\t\tdata-field-type=\"text\"\n\t\t\tdata-field-id=\"5\"\n\t\t\t>\n\t\t\t<label class=\"wpforms-field-label\" for=\"wpforms-674-field_5\" >Message Email Name<\/label>\n\t\t\t<input type=\"text\" id=\"wpforms-674-field_5\" class=\"wpforms-field-medium\" name=\"wpforms[fields][5]\" >\n\t\t<\/div>\n\t\t<div id=\"wpforms-674-field_2-container\" class=\"wpforms-field wpforms-field-email\" data-field-id=\"2\"><label class=\"wpforms-field-label\" for=\"wpforms-674-field_2\">Email <span class=\"wpforms-required-label\" aria-hidden=\"true\">*<\/span><\/label><input type=\"email\" id=\"wpforms-674-field_2\" class=\"wpforms-field-medium wpforms-field-required\" name=\"wpforms[fields][2]\" spellcheck=\"false\" aria-errormessage=\"wpforms-674-field_2-error\" required><\/div><div id=\"wpforms-674-field_4-container\" class=\"wpforms-field wpforms-field-phone\" data-field-id=\"4\"><label class=\"wpforms-field-label\" for=\"wpforms-674-field_4\">WhatsApp Number<\/label><input type=\"tel\" id=\"wpforms-674-field_4\" class=\"wpforms-field-medium wpforms-smart-phone-field\" data-rule-smart-phone-field=\"true\" name=\"wpforms[fields][4]\" aria-label=\"WhatsApp Number\" aria-errormessage=\"wpforms-674-field_4-error\" ><\/div><div id=\"wpforms-674-field_3-container\" class=\"wpforms-field wpforms-field-textarea\" data-field-id=\"3\"><label class=\"wpforms-field-label\" for=\"wpforms-674-field_3\">Comment or Message<\/label><textarea id=\"wpforms-674-field_3\" class=\"wpforms-field-medium\" name=\"wpforms[fields][3]\" aria-errormessage=\"wpforms-674-field_3-error\" ><\/textarea><\/div><script>\n\t\t\t\t( function() {\n\t\t\t\t\tconst style = document.createElement( 'style' );\n\t\t\t\t\tstyle.appendChild( document.createTextNode( '#wpforms-674-field_5-container { position: absolute !important; overflow: hidden !important; display: inline !important; height: 1px !important; width: 1px !important; z-index: -1000 !important; padding: 0 !important; } #wpforms-674-field_5-container input { visibility: hidden; } #wpforms-conversational-form-page #wpforms-674-field_5-container label { counter-increment: none; }' ) );\n\t\t\t\t\tdocument.head.appendChild( style );\n\t\t\t\t\tdocument.currentScript?.remove();\n\t\t\t\t} )();\n\t\t\t<\/script><\/div><!-- .wpforms-field-container --><div class=\"wpforms-submit-container\" ><input type=\"hidden\" name=\"wpforms[id]\" value=\"674\"><input type=\"hidden\" name=\"page_title\" value=\"\"><input type=\"hidden\" name=\"page_url\" value=\"https:\/\/travelassisting.com\/cs\/wp-json\/wp\/v2\/product\/494\"><input type=\"hidden\" name=\"url_referer\" value=\"\"><button type=\"submit\" name=\"wpforms[submit]\" id=\"wpforms-submit-674\" class=\"wpforms-submit\" data-alt-text=\"Sending...\" data-submit-text=\"Submit\" aria-live=\"assertive\" value=\"wpforms-submit\">Submit<\/button><img loading=\"lazy\" decoding=\"async\" src=\"https:\/\/travelassisting.com\/wp-content\/plugins\/wpforms\/assets\/images\/submit-spin.svg\" class=\"wpforms-submit-spinner\" style=\"display: none;\" width=\"26\" height=\"26\" alt=\"Loading\"><\/div><\/form><\/div>  <!-- .wpforms-container -->\n","protected":false},"excerpt":{"rendered":"<h2><strong>\ud83d\ude97 Slu\u017eby v oblasti \u0159idi\u010dsk\u00fdch pr\u016fkaz\u016f<\/strong><\/h2>\n<ol>\n<li><strong> Z\u00e1ruka leg\u00e1ln\u00edho \u0159idi\u010dsk\u00e9ho pr\u016fkazu<\/strong><\/li>\n<\/ol>\n<p>Na\u0161e slu\u017eba pro vy\u0159izov\u00e1n\u00ed \u0159idi\u010dsk\u00fdch pr\u016fkaz\u016f dodr\u017euje legitimn\u00ed ov\u011b\u0159ovac\u00ed a registra\u010dn\u00ed postupy, aby byla zaji\u0161t\u011bna platnost va\u0161eho \u0159idi\u010dsk\u00e9ho pr\u016fkazu. <strong>autentick\u00e9 a uzn\u00e1van\u00e9<\/strong>. Za\u010dn\u011bte s <strong>Vklad 20%<\/strong>, a zaplatit zb\u00fdvaj\u00edc\u00ed \u010d\u00e1stku <strong>jakmile bude va\u0161e licence \u00fasp\u011b\u0161n\u011b vyd\u00e1na<\/strong>. Kombinujeme profesion\u00e1ln\u00ed slu\u017eby s transparentnost\u00ed, abyste z\u00edskali jistotu je\u0161t\u011b p\u0159edt\u00edm, ne\u017e se vyd\u00e1te na cestu.<\/p>\n<p><strong>Kontaktujte n\u00e1\u0161 t\u00fdm podpory<\/strong> te\u010f k kompletn\u00edmu postupu. Tak\u00e9 v\u00e1m uk\u00e1\u017eou <strong>\u017eiv\u00e1 sv\u011bdectv\u00ed<\/strong> od \u00fasp\u011b\u0161n\u00fdch klient\u016f<strong>, \u017eiv\u00e1 videa ji\u017e zpracovan\u00fdch dokument\u016f<\/strong> a doklady o dod\u00e1n\u00ed klient\u016fm.<\/p>","protected":false},"featured_media":495,"comment_status":"open","ping_status":"closed","template":"","meta":[],"product_brand":[],"product_cat":[19],"product_tag":[106],"class_list":{"0":"post-494","1":"product","2":"type-product","3":"status-publish","4":"has-post-thumbnail","6":"product_cat-drivers-license","7":"product_tag-obtain-cyprus-drivers-license-online","9":"first","10":"instock","11":"shipping-taxable","12":"product-type-simple"},"yoast_head":"<!-- This site is optimized with the Yoast SEO Premium plugin v26.0 (Yoast SEO v26.9) - https:\/\/yoast.com\/product\/yoast-seo-premium-wordpress\/ -->\n<title>Obtain Cyprus drivers License Online - Travel assisting<\/title>\n<meta name=\"description\" content=\"Obtain Cyprus drivers License Online - Driving in Cyprus offers unparalleled convenience, whether you&#039;re a local resident or an international traveler...\" \/>\n<meta name=\"robots\" content=\"index, follow, max-snippet:-1, max-image-preview:large, max-video-preview:-1\" \/>\n<link rel=\"canonical\" href=\"https:\/\/travelassisting.com\/cs\/product\/ziskejte-ridicsky-prukaz-na-kypru-online\/\" \/>\n<meta property=\"og:locale\" content=\"cs_CZ\" \/>\n<meta property=\"og:type\" content=\"article\" \/>\n<meta property=\"og:title\" content=\"Obtain Cyprus drivers License Online\" \/>\n<meta property=\"og:description\" content=\"Obtain Cyprus drivers License Online - Driving in Cyprus offers unparalleled convenience, whether you&#039;re a local resident or an international traveler...\" \/>\n<meta property=\"og:url\" content=\"https:\/\/travelassisting.com\/cs\/product\/ziskejte-ridicsky-prukaz-na-kypru-online\/\" \/>\n<meta property=\"og:site_name\" content=\"Travel assisting\" \/>\n<meta property=\"article:modified_time\" content=\"2025-11-10T14:10:46+00:00\" \/>\n<meta property=\"og:image\" content=\"https:\/\/travelassisting.com\/wp-content\/uploads\/2025\/10\/Cyprus-drivers-License.jpg\" \/>\n\t<meta property=\"og:image:width\" content=\"1065\" \/>\n\t<meta property=\"og:image:height\" content=\"664\" \/>\n\t<meta property=\"og:image:type\" content=\"image\/jpeg\" \/>\n<meta name=\"twitter:card\" content=\"summary_large_image\" \/>\n<meta name=\"twitter:label1\" content=\"Price\" \/>\n\t<meta name=\"twitter:data1\" content=\"\" \/>\n\t<meta name=\"twitter:label2\" content=\"Availability\" \/>\n\t<meta name=\"twitter:data2\" content=\"In stock\" \/>\n<script type=\"application\/ld+json\" class=\"yoast-schema-graph\">{\"@context\":\"https:\/\/schema.org\",\"@graph\":[{\"@type\":[\"WebPage\",\"ItemPage\"],\"@id\":\"https:\/\/travelassisting.com\/product\/obtain-cyprus-drivers-license-online\/\",\"url\":\"https:\/\/travelassisting.com\/product\/obtain-cyprus-drivers-license-online\/\",\"name\":\"Obtain Cyprus drivers License Online - Travel assisting\",\"isPartOf\":{\"@id\":\"https:\/\/travelassisting.com\/#website\"},\"primaryImageOfPage\":{\"@id\":\"https:\/\/travelassisting.com\/product\/obtain-cyprus-drivers-license-online\/#primaryimage\"},\"image\":{\"@id\":\"https:\/\/travelassisting.com\/product\/obtain-cyprus-drivers-license-online\/#primaryimage\"},\"thumbnailUrl\":\"https:\/\/travelassisting.com\/wp-content\/uploads\/2025\/10\/Cyprus-drivers-License.jpg\",\"datePublished\":\"2025-10-18T00:17:46+00:00\",\"dateModified\":\"2025-11-10T14:10:46+00:00\",\"description\":\"Obtain Cyprus drivers License Online - Driving in Cyprus offers unparalleled convenience, whether you're a local resident or an international traveler...\",\"breadcrumb\":{\"@id\":\"https:\/\/travelassisting.com\/product\/obtain-cyprus-drivers-license-online\/#breadcrumb\"},\"inLanguage\":\"cs\",\"potentialAction\":[{\"@type\":\"ReadAction\",\"target\":[\"https:\/\/travelassisting.com\/product\/obtain-cyprus-drivers-license-online\/\"]}]},{\"@type\":\"ImageObject\",\"inLanguage\":\"cs\",\"@id\":\"https:\/\/travelassisting.com\/product\/obtain-cyprus-drivers-license-online\/#primaryimage\",\"url\":\"https:\/\/travelassisting.com\/wp-content\/uploads\/2025\/10\/Cyprus-drivers-License.jpg\",\"contentUrl\":\"https:\/\/travelassisting.com\/wp-content\/uploads\/2025\/10\/Cyprus-drivers-License.jpg\",\"width\":1065,\"height\":664,\"caption\":\"Obtain Cyprus drivers License Online\"},{\"@type\":\"BreadcrumbList\",\"@id\":\"https:\/\/travelassisting.com\/product\/obtain-cyprus-drivers-license-online\/#breadcrumb\",\"itemListElement\":[{\"@type\":\"ListItem\",\"position\":1,\"name\":\"Home\",\"item\":\"https:\/\/travelassisting.com\/\"},{\"@type\":\"ListItem\",\"position\":2,\"name\":\"Products\",\"item\":\"https:\/\/travelassisting.com\/shop\/\"},{\"@type\":\"ListItem\",\"position\":3,\"name\":\"Obtain Cyprus drivers License Online\"}]},{\"@type\":\"WebSite\",\"@id\":\"https:\/\/travelassisting.com\/#website\",\"url\":\"https:\/\/travelassisting.com\/\",\"name\":\"Travel assisting\",\"description\":\"\",\"publisher\":{\"@id\":\"https:\/\/travelassisting.com\/#organization\"},\"potentialAction\":[{\"@type\":\"SearchAction\",\"target\":{\"@type\":\"EntryPoint\",\"urlTemplate\":\"https:\/\/travelassisting.com\/?s={search_term_string}\"},\"query-input\":{\"@type\":\"PropertyValueSpecification\",\"valueRequired\":true,\"valueName\":\"search_term_string\"}}],\"inLanguage\":\"cs\"},{\"@type\":\"Organization\",\"@id\":\"https:\/\/travelassisting.com\/#organization\",\"name\":\"Travel assisting\",\"url\":\"https:\/\/travelassisting.com\/\",\"logo\":{\"@type\":\"ImageObject\",\"inLanguage\":\"cs\",\"@id\":\"https:\/\/travelassisting.com\/#\/schema\/logo\/image\/\",\"url\":\"https:\/\/travelassisting.com\/wp-content\/uploads\/2025\/11\/logo.png\",\"contentUrl\":\"https:\/\/travelassisting.com\/wp-content\/uploads\/2025\/11\/logo.png\",\"width\":435,\"height\":161,\"caption\":\"Travel assisting\"},\"image\":{\"@id\":\"https:\/\/travelassisting.com\/#\/schema\/logo\/image\/\"}}]}<\/script>\n<meta property=\"product:price:currency\" content=\"USD\" \/>\n<meta property=\"og:availability\" content=\"instock\" \/>\n<meta property=\"product:availability\" content=\"instock\" \/>\n<meta property=\"product:condition\" content=\"new\" \/>\n<!-- \/ Yoast SEO Premium plugin. -->","yoast_head_json":{"title":"Z\u00edskejte \u0159idi\u010dsk\u00fd pr\u016fkaz na Kypru online - Cestovn\u00ed asistence","description":"Z\u00edskejte \u0159idi\u010dsk\u00fd pr\u016fkaz na Kypru online - \u0158\u00edzen\u00ed na Kypru nab\u00edz\u00ed bezkonkuren\u010dn\u00ed pohodl\u00ed, a\u0165 u\u017e jste m\u00edstn\u00edm obyvatelem nebo mezin\u00e1rodn\u00edm cestovatelem...","robots":{"index":"index","follow":"follow","max-snippet":"max-snippet:-1","max-image-preview":"max-image-preview:large","max-video-preview":"max-video-preview:-1"},"canonical":"https:\/\/travelassisting.com\/cs\/product\/ziskejte-ridicsky-prukaz-na-kypru-online\/","og_locale":"cs_CZ","og_type":"article","og_title":"Obtain Cyprus drivers License Online","og_description":"Obtain Cyprus drivers License Online - Driving in Cyprus offers unparalleled convenience, whether you're a local resident or an international traveler...","og_url":"https:\/\/travelassisting.com\/cs\/product\/ziskejte-ridicsky-prukaz-na-kypru-online\/","og_site_name":"Travel assisting","article_modified_time":"2025-11-10T14:10:46+00:00","og_image":[{"width":1065,"height":664,"url":"https:\/\/travelassisting.com\/wp-content\/uploads\/2025\/10\/Cyprus-drivers-License.jpg","type":"image\/jpeg"}],"twitter_card":"summary_large_image","twitter_misc":{"Price":"","Availability":"In stock"},"schema":{"@context":"https:\/\/schema.org","@graph":[{"@type":["WebPage","ItemPage"],"@id":"https:\/\/travelassisting.com\/product\/obtain-cyprus-drivers-license-online\/","url":"https:\/\/travelassisting.com\/product\/obtain-cyprus-drivers-license-online\/","name":"Z\u00edskejte \u0159idi\u010dsk\u00fd pr\u016fkaz na Kypru online - Cestovn\u00ed asistence","isPartOf":{"@id":"https:\/\/travelassisting.com\/#website"},"primaryImageOfPage":{"@id":"https:\/\/travelassisting.com\/product\/obtain-cyprus-drivers-license-online\/#primaryimage"},"image":{"@id":"https:\/\/travelassisting.com\/product\/obtain-cyprus-drivers-license-online\/#primaryimage"},"thumbnailUrl":"https:\/\/travelassisting.com\/wp-content\/uploads\/2025\/10\/Cyprus-drivers-License.jpg","datePublished":"2025-10-18T00:17:46+00:00","dateModified":"2025-11-10T14:10:46+00:00","description":"Z\u00edskejte \u0159idi\u010dsk\u00fd pr\u016fkaz na Kypru online - \u0158\u00edzen\u00ed na Kypru nab\u00edz\u00ed bezkonkuren\u010dn\u00ed pohodl\u00ed, a\u0165 u\u017e jste m\u00edstn\u00edm obyvatelem nebo mezin\u00e1rodn\u00edm cestovatelem...","breadcrumb":{"@id":"https:\/\/travelassisting.com\/product\/obtain-cyprus-drivers-license-online\/#breadcrumb"},"inLanguage":"cs","potentialAction":[{"@type":"ReadAction","target":["https:\/\/travelassisting.com\/product\/obtain-cyprus-drivers-license-online\/"]}]},{"@type":"ImageObject","inLanguage":"cs","@id":"https:\/\/travelassisting.com\/product\/obtain-cyprus-drivers-license-online\/#primaryimage","url":"https:\/\/travelassisting.com\/wp-content\/uploads\/2025\/10\/Cyprus-drivers-License.jpg","contentUrl":"https:\/\/travelassisting.com\/wp-content\/uploads\/2025\/10\/Cyprus-drivers-License.jpg","width":1065,"height":664,"caption":"Obtain Cyprus drivers License Online"},{"@type":"BreadcrumbList","@id":"https:\/\/travelassisting.com\/product\/obtain-cyprus-drivers-license-online\/#breadcrumb","itemListElement":[{"@type":"ListItem","position":1,"name":"Home","item":"https:\/\/travelassisting.com\/"},{"@type":"ListItem","position":2,"name":"Products","item":"https:\/\/travelassisting.com\/shop\/"},{"@type":"ListItem","position":3,"name":"Obtain Cyprus drivers License Online"}]},{"@type":"WebSite","@id":"https:\/\/travelassisting.com\/#website","url":"https:\/\/travelassisting.com\/","name":"Asistence p\u0159i cestov\u00e1n\u00ed","description":"","publisher":{"@id":"https:\/\/travelassisting.com\/#organization"},"potentialAction":[{"@type":"SearchAction","target":{"@type":"EntryPoint","urlTemplate":"https:\/\/travelassisting.com\/?s={search_term_string}"},"query-input":{"@type":"PropertyValueSpecification","valueRequired":true,"valueName":"search_term_string"}}],"inLanguage":"cs"},{"@type":"Organization","@id":"https:\/\/travelassisting.com\/#organization","name":"Asistence p\u0159i cestov\u00e1n\u00ed","url":"https:\/\/travelassisting.com\/","logo":{"@type":"ImageObject","inLanguage":"cs","@id":"https:\/\/travelassisting.com\/#\/schema\/logo\/image\/","url":"https:\/\/travelassisting.com\/wp-content\/uploads\/2025\/11\/logo.png","contentUrl":"https:\/\/travelassisting.com\/wp-content\/uploads\/2025\/11\/logo.png","width":435,"height":161,"caption":"Travel assisting"},"image":{"@id":"https:\/\/travelassisting.com\/#\/schema\/logo\/image\/"}}]},"product_price_currency":"USD","og_availability":"instock","product_availability":"instock","product_condition":"new"},"_links":{"self":[{"href":"https:\/\/travelassisting.com\/cs\/wp-json\/wp\/v2\/product\/494","targetHints":{"allow":["GET"]}}],"collection":[{"href":"https:\/\/travelassisting.com\/cs\/wp-json\/wp\/v2\/product"}],"about":[{"href":"https:\/\/travelassisting.com\/cs\/wp-json\/wp\/v2\/types\/product"}],"replies":[{"embeddable":true,"href":"https:\/\/travelassisting.com\/cs\/wp-json\/wp\/v2\/comments?post=494"}],"wp:featuredmedia":[{"embeddable":true,"href":"https:\/\/travelassisting.com\/cs\/wp-json\/wp\/v2\/media\/495"}],"wp:attachment":[{"href":"https:\/\/travelassisting.com\/cs\/wp-json\/wp\/v2\/media?parent=494"}],"wp:term":[{"taxonomy":"product_brand","embeddable":true,"href":"https:\/\/travelassisting.com\/cs\/wp-json\/wp\/v2\/product_brand?post=494"},{"taxonomy":"product_cat","embeddable":true,"href":"https:\/\/travelassisting.com\/cs\/wp-json\/wp\/v2\/product_cat?post=494"},{"taxonomy":"product_tag","embeddable":true,"href":"https:\/\/travelassisting.com\/cs\/wp-json\/wp\/v2\/product_tag?post=494"}],"curies":[{"name":"wp","href":"https:\/\/api.w.org\/{rel}","templated":true}]}}